{"id":84,"date":"2014-02-13T15:55:43","date_gmt":"2014-02-13T15:55:43","guid":{"rendered":"http:\/\/new.esba-basket.com\/liepaja-2014\/?page_id=84"},"modified":"2014-05-12T20:06:00","modified_gmt":"2014-05-12T18:06:00","slug":"accommodation","status":"publish","type":"page","link":"https:\/\/esba-basket.com\/liepaja-2014\/accommodation\/","title":{"rendered":"Accommodation"},"content":{"rendered":"<p><span style=\"color: #ff6600;\"><strong><span style=\"font-size: 1.5em; line-height: 1.5em;\">ESBA OFFICIAL PARTNERS<\/span><\/strong><\/span><\/p>\n<p style=\"text-align: justify;\">ESBA Liepaja official Partners offer the special prices for accomodation in Liepaja during the Promo Championship.<\/p>\n<h2><a href=\"http:\/\/esba-basket.com\/liepaja-2014\/wp-content\/uploads\/sites\/2\/2014\/02\/amrita.jpg\"><img loading=\"lazy\" decoding=\"async\" class=\"size-thumbnail wp-image-416 alignleft\" alt=\"amrita\" src=\"http:\/\/esba-basket.com\/liepaja-2014\/wp-content\/uploads\/sites\/2\/2014\/02\/amrita-150x150.jpg\" width=\"150\" height=\"150\" \/><\/a>EUROPA CITY AMRITA****<\/h2>\n<p>You&#8217;ll find here 83 comfortable rooms designed in a cosy Scandinavian style. Hotel offers a choice of room types from single accommodation to luxury two room suites with steam saunas.<br \/>\nHere you can find the special offer for participants. <strong><span style=\"color: #ff6600;\"><a href=\"http:\/\/esba-basket.com\/liepaja-2014\/wp-content\/uploads\/sites\/2\/2014\/02\/Hotel-Europa-City-Amrita1.pdf\" target=\"_blank\"><span style=\"color: #ff6600;\">Hotel Europa City Amrita<\/span><\/a><\/span><span style=\"color: #ff0000;\">\u00a0<\/span><\/strong><span style=\"color: #ff0000;\"><span style=\"color: #000000;\">Password\u00a0<\/span><\/span><strong><span style=\"color: #ff0000;\"><strong>ESBA<\/strong><\/span><\/strong><br \/>\nWebsite: <a title=\"Europa City Amrita\" href=\"http:\/\/www.groupeuropa.com\/europa_city_hotels\/liepaja_hotel\/\" target=\"_blank\">www.groupeuropa.com<\/a><\/p>\n<p>&nbsp;<\/p>\n<h2><a href=\"http:\/\/esba-basket.com\/wp-content\/uploads\/2014\/01\/viesn.liva_.jpg\"><img loading=\"lazy\" decoding=\"async\" class=\"alignleft\" alt=\"viesn.liva\" src=\"http:\/\/esba-basket.com\/wp-content\/uploads\/2014\/01\/viesn.liva_-150x150.jpg\" width=\"150\" height=\"150\" \/><\/a>SUPERIOR CLASS HOTEL L\u012aVA***<\/h2>\n<p>The hotel offers 111 guest rooms of different categories, a restaurant, bar and conference hall, as well as a parking lot under security surveillance.<br \/>\nHere you can find the special offer for participants.\u00a0<strong><span style=\"color: #ff6600;\"><a href=\"http:\/\/esba-basket.com\/liepaja-2014\/wp-content\/uploads\/sites\/2\/2014\/02\/Hotel-LIVA1.pdf\" target=\"_blank\"><span style=\"color: #ff6600;\">Hotel LIVA<\/span><\/a><\/span>\u00a0<\/strong>Password\u00a0<span style=\"color: #ff0000;\"><strong><strong>ESBA<\/strong><\/strong><\/span><br \/>\nWebsite:\u00a0<a href=\"http:\/\/www.livahotel.lv\/en\" target=\"_blank\">www.livahotel.lv\/en<\/a><\/p>\n<p>&nbsp;<\/p>\n<h2><a style=\"font-size: 1.5em; line-height: 1.5em;\" href=\"http:\/\/esba-basket.com\/wp-content\/uploads\/2014\/01\/sport-hotel.jpg\"><img loading=\"lazy\" decoding=\"async\" class=\"alignleft\" alt=\"sport hotel\" src=\"http:\/\/esba-basket.com\/wp-content\/uploads\/2014\/01\/sport-hotel-150x150.jpg\" width=\"150\" height=\"150\" \/><\/a><\/h2>\n<h2>SPORT HOTEL<\/h2>\n<p>Rooms are equipped with widescreen TV, refrigerator, bathroom and WC.\u00a0In the restaurant \u201cSportBar\u201d at the ground floor offers local and international cuisine.\u00a0Wi-fi free! There is an elevator also!<br \/>\nHere you can find the special offer for participants\u00a0<strong><span style=\"color: #ff6600;\"><a href=\"http:\/\/esba-basket.com\/liepaja-2014\/wp-content\/uploads\/sites\/2\/2014\/02\/SportHotel_ENG1.pdf\" target=\"_blank\"><span style=\"color: #ff6600;\">Sport Hotel<\/span><\/a><\/span><\/strong><span style=\"color: #ff6600;\"><strong>\u00a0<\/strong><span style=\"color: #ff6600;\"><span style=\"color: #000000;\">Password\u00a0<\/span><\/span><span style=\"color: #ff0000;\"><strong><strong>ESBA<\/strong><\/strong><\/span><\/span><br \/>\nWebsite:\u00a0<a href=\"http:\/\/sporthotel.lv\/en\" target=\"_blank\">sporthotel.lv<\/a><\/p>\n<p>&nbsp;<\/p>\n<p><span style=\"color: #ff6600;\"><strong>OTHER\u00a0HOTELS\u00a0IN LIEPAJA<\/strong><\/span><\/p>\n<h2><a href=\"http:\/\/esba-basket.com\/liepaja-2014\/wp-content\/uploads\/sites\/2\/2014\/02\/promen\u0101de.jpg\"><img loading=\"lazy\" decoding=\"async\" class=\"size-thumbnail wp-image-421 alignleft\" alt=\"promen\u0101de\" src=\"http:\/\/esba-basket.com\/liepaja-2014\/wp-content\/uploads\/sites\/2\/2014\/02\/promen\u0101de-150x150.jpg\" width=\"150\" height=\"150\" srcset=\"https:\/\/esba-basket.com\/liepaja-2014\/wp-content\/uploads\/sites\/2\/2014\/02\/promen\u0101de-150x150.jpg 150w, https:\/\/esba-basket.com\/liepaja-2014\/wp-content\/uploads\/sites\/2\/2014\/02\/promen\u0101de-186x186.jpg 186w\" sizes=\"auto, (max-width: 150px) 100vw, 150px\" \/><\/a>PROMENADE HOTEL*****<\/h2>\n<p>This old port warehouse stores the memories of a 200 years long history and you may find a glimpse of it in every of the 42 guest rooms.<br \/>\nFor more information\u00a0<a title=\"Promenade Hotel\" href=\"http:\/\/liepajaturisms.lv\/en\/sleep\/city\/hotels\/promenade-hotel---\/\" target=\"_blank\">&gt;&gt;&gt;&gt;&gt;<\/a><br \/>\nwebsite: <a href=\"http:\/\/www.promenadehotel.lv\" target=\"_blank\">www.promenadehotel.lv<\/a><\/p>\n<p>&nbsp;<\/p>\n<h2><a href=\"http:\/\/esba-basket.com\/liepaja-2014\/wp-content\/uploads\/sites\/2\/2014\/02\/Libava-2.jpg\"><img loading=\"lazy\" decoding=\"async\" class=\"size-thumbnail wp-image-422 alignleft\" alt=\"Libava (2)\" src=\"http:\/\/esba-basket.com\/liepaja-2014\/wp-content\/uploads\/sites\/2\/2014\/02\/Libava-2-150x150.jpg\" width=\"150\" height=\"150\" \/><\/a>LIBAVA<\/h2>\n<p>The recreational centre Libava offers its guests seven hotel rooms equipped with modern amenities. Each room has a different design and interior.<br \/>\nFor more information <a title=\"Libava\" href=\"http:\/\/liepajaturisms.lv\/en\/sleep\/city\/hotels\/libava---\/\" target=\"_blank\">&gt;&gt;&gt;&gt;&gt;<\/a><br \/>\nWebsite: <a href=\"http:\/\/www.libava.lv\/\" target=\"_blank\">www.libava.lv<\/a><\/p>\n<p>&nbsp;<\/p>\n<h2><a href=\"http:\/\/esba-basket.com\/wp-content\/uploads\/2014\/01\/fontaine-royal.png\"><img loading=\"lazy\" decoding=\"async\" class=\"alignleft size-thumbnail wp-image-2136\" alt=\"fontaine royal\" src=\"http:\/\/esba-basket.com\/wp-content\/uploads\/2014\/01\/fontaine-royal-150x150.png\" width=\"150\" height=\"150\" \/><\/a>FONTAINE ROYAL<\/h2>\n<p>The hotel design is out of this world, full of royal furniture, all gold plated standing in contrast with the old factory spirit, you will feel like a king staying at the Fontaine Royal.<br \/>\nFor more information <a title=\"Fontaine Royal\" href=\"http:\/\/liepajaturisms.lv\/en\/sleep\/city\/hotels\/fontaine-royal---\/\" target=\"_blank\">&gt;&gt;&gt;&gt;&gt;<\/a><br \/>\nWebsite: <a href=\"http:\/\/www.fontaineroyal.lv\/en\/home\" target=\"_blank\">www.fontaineroyal.lv<\/a><\/p>\n<p>&nbsp;<\/p>\n<h2><a href=\"http:\/\/esba-basket.com\/wp-content\/uploads\/2014\/01\/fontaine.jpg\"><img loading=\"lazy\" decoding=\"async\" class=\"alignleft size-thumbnail wp-image-2138\" alt=\"fontaine\" src=\"http:\/\/esba-basket.com\/wp-content\/uploads\/2014\/01\/fontaine-150x150.jpg\" width=\"150\" height=\"150\" \/><\/a>FONTAINE HOTEL<\/h2>\n<p>The Hotel is located on a small cobblestone street, towards the canal, 500 m from the beach, with a nice backyard. Hotel can accommodate 42 people in 19 different rooms.<br \/>\nFor more information <a title=\"Fontaine Hotel\" href=\"http:\/\/liepajaturisms.lv\/en\/sleep\/city\/hotels\/fontaine-hotel---\/\" target=\"_blank\">&gt;&gt;&gt;&gt;&gt;<\/a><br \/>\nWebsite: <a href=\"http:\/\/www.fontaine.lv\/index.php?url=\/en\/home\" target=\"_blank\">www.fontaine.lv<\/a><\/p>\n<p>&nbsp;<\/p>\n<h2><a href=\"http:\/\/esba-basket.com\/wp-content\/uploads\/2014\/01\/porins.png\"><img loading=\"lazy\" decoding=\"async\" class=\"alignleft size-thumbnail wp-image-2164\" alt=\"porins\" src=\"http:\/\/esba-basket.com\/wp-content\/uploads\/2014\/01\/porins-150x150.png\" width=\"150\" height=\"150\" \/><\/a>PORINS<\/h2>\n<p>The guest house is located in the center of Old Liepaja, on a street dominated by historic wooden houses and in few minutes walk from the city center and 15 minutes walk from the sea.<br \/>\nFor more information <a title=\"Porins\" href=\"http:\/\/liepajaturisms.lv\/en\/sleep\/city\/hotels\/porins---\/\" target=\"_blank\">&gt;&gt;&gt;&gt;&gt;<\/a><br \/>\nWebsite: <a href=\"http:\/\/www.porins.lv\/\/en\/\" target=\"_blank\">www.porins.lv<\/a><\/p>\n<p>&nbsp;<\/p>\n<h2><a href=\"http:\/\/esba-basket.com\/wp-content\/uploads\/2014\/01\/roze.jpg\"><img loading=\"lazy\" decoding=\"async\" class=\"alignleft size-thumbnail wp-image-2146\" alt=\"roze\" src=\"http:\/\/esba-basket.com\/wp-content\/uploads\/2014\/01\/roze-150x150.jpg\" width=\"150\" height=\"150\" \/><\/a>ROZE<\/h2>\n<p>Hotel is located in the very heart of the park and seaside area. The distance to the beach is 100 m, to the centre of the city &#8211; 5 minutes walk.<br \/>\nFor more information <a title=\"Roze\" href=\"http:\/\/liepajaturisms.lv\/en\/sleep\/city\/hotels\/roze---\/\" target=\"_blank\">&gt;&gt;&gt;&gt;&gt;<\/a><br \/>\nWebsite: <a href=\"http:\/\/www.parkhotel-roze.lv\/eng\/main_e.html\" target=\"_blank\">www.parkhotel-roze.lv<\/a><\/p>\n<p>&nbsp;<\/p>\n<p><a title=\"Guest houses in Liepaja\" href=\"http:\/\/liepajaturisms.lv\/en\/sleep\/city\/guest-houses\/\" target=\"_blank\"><span style=\"color: #ff6600;\"><strong><span>GUEST HOUSES\u00a0IN LIEPAJA<\/span><\/strong><\/span><\/a><\/p>\n<h2><a href=\"http:\/\/esba-basket.com\/wp-content\/uploads\/2014\/01\/avanta.jpg\"><img loading=\"lazy\" decoding=\"async\" class=\"alignleft size-thumbnail wp-image-2174\" alt=\"avanta\" src=\"http:\/\/esba-basket.com\/wp-content\/uploads\/2014\/01\/avanta-150x150.jpg\" width=\"150\" height=\"150\" \/><\/a>AVANTA<\/h2>\n<p>AVANTA apartments are located right in the centre of the city &#8211; a ten minute walk to the sea. These apartments are a great place for guests to get away and relax and are all fitted with everything to make your stay a pleasant one.<br \/>\nFor more information <a title=\"Avanta\" href=\"http:\/\/liepajaturisms.lv\/en\/sleep\/city\/guest-houses\/avanta---\/\" target=\"_blank\">&gt;&gt;&gt;&gt;&gt;<\/a><br \/>\nWebsite: <a href=\"http:\/\/www.viss.lv\/en\/?p=720\" target=\"_blank\">www.avanta.viss.lv<\/a><\/p>\n<p>&nbsp;<\/p>\n<h2><a href=\"http:\/\/esba-basket.com\/wp-content\/uploads\/2014\/01\/7sisters.png\"><img loading=\"lazy\" decoding=\"async\" class=\"alignleft size-thumbnail wp-image-2176\" alt=\"7sisters\" src=\"http:\/\/esba-basket.com\/wp-content\/uploads\/2014\/01\/7sisters-150x150.png\" width=\"150\" height=\"150\" \/><\/a>SEVEN SISTERS<\/h2>\n<p>Homely hotel is located close to the center of Liepaja on tranquil Eg\u013cu iela, in an old 3 storey red brick house with a beautiful garden, containing an outdoor fireplace and grill.<br \/>\nThe hotel has 7 rooms, each of which bares the name of one of 7 seven sisters.<br \/>\nFor more information <a title=\"Seven Sisters\" href=\"http:\/\/liepajaturisms.lv\/en\/sleep\/city\/guest-houses\/seven-sisters---\/\" target=\"_blank\">&gt;&gt;&gt;&gt;&gt;<\/a><br \/>\nWebsite: <a href=\"http:\/\/www.sevensisters.lv\/en\/hotel.html\" target=\"_blank\">www.sevensisters.lv<\/a><\/p>\n<p>&nbsp;<\/p>\n<h2><a href=\"http:\/\/esba-basket.com\/wp-content\/uploads\/2014\/01\/pie-jana.jpg\"><img loading=\"lazy\" decoding=\"async\" class=\"alignleft size-thumbnail wp-image-2180\" alt=\"pie jana\" src=\"http:\/\/esba-basket.com\/wp-content\/uploads\/2014\/01\/pie-jana-150x150.jpg\" width=\"150\" height=\"150\" \/><\/a>Hotel &#8220;PIE J\u0100\u0145A&#8221;<\/h2>\n<p>If you are thinking of coming to Liepaja but don&#8217;t know where to stay the night, come stay with us PIE J\u0100\u0145A in LIEP\u0100JA, where you will be met with hospitality, comfort and all that you need to relax.<br \/>\nFor more information <a title=\"Pie Jana\" href=\"http:\/\/liepajaturisms.lv\/en\/sleep\/city\/guest-houses\/pie-jana---\/\" target=\"_blank\">&gt;&gt;&gt;&gt;&gt;<\/a><br \/>\nWebsite: <a href=\"http:\/\/www.hotelpiejana.lv\/index.php?lapa=english\" target=\"_blank\">www.hotelpiejana.lv<\/a><\/p>\n<p><span style=\"color: #ff6600;\"><strong><a title=\"Apartments in Liepaja\" href=\"http:\/\/liepajaturisms.lv\/en\/sleep\/city\/apartments\/\" target=\"_blank\"><span style=\"color: #ff6600;\"><br \/>\nAPARTMENTS\u00a0IN LIEPAJA<\/span><\/a><\/strong><\/span><\/p>\n<p><a title=\"Hotels outside of Liepaja\" href=\"http:\/\/liepajaturisms.lv\/en\/sleep\/region\/hotels\/\" target=\"_blank\"><strong><span style=\"color: #ff6600;\">ACCOMMODATION OUTSIDE OF LIEPAJA<\/span><\/strong><\/a><\/p>\n<h2><a href=\"http:\/\/esba-basket.com\/wp-content\/uploads\/2014\/01\/jurnieku-ligzda.jpg\"><img loading=\"lazy\" decoding=\"async\" class=\"alignleft size-thumbnail wp-image-2236\" alt=\"jurnieku ligzda\" src=\"http:\/\/esba-basket.com\/wp-content\/uploads\/2014\/01\/jurnieku-ligzda-150x150.jpg\" width=\"150\" height=\"150\" \/><\/a>J\u016aRNIEKA LIGZDA<\/h2>\n<p>This newly renovated country hotel is only 5-minute walk away from the beach of the Baltic Sea.<br \/>\nThe J\u016brnieka Ligzda (\u201cSeaman\u2019s Nest\u201d in Latvian) offers ideal conditions for peaceful relaxation away from the noise of the city. It is 6 km south of Liepaja<br \/>\nFor more information <a title=\"Jurnieka Ligzda\" href=\"http:\/\/liepajaturisms.lv\/en\/sleep\/region\/hotels\/jurnieka-ligzda---\/\" target=\"_blank\">&gt;&gt;&gt;&gt;&gt;<\/a><br \/>\nWebsite: <a href=\"http:\/\/www.jurniekaligzda.lv\/welcome\/\" target=\"_blank\">www.jurniekaligzda.lv<\/a><\/p>\n<p>&nbsp;<\/p>\n","protected":false},"excerpt":{"rendered":"<p>ESBA OFFICIAL PARTNERS ESBA Liepaja official Partners offer the special prices for accomodation in Liepaja during the Promo Championship. EUROPA CITY AMRITA**** You&#8217;ll find here 83 comfortable rooms designed in [&hellip;]<\/p>\n","protected":false},"author":2,"featured_media":0,"parent":0,"menu_order":0,"comment_status":"open","ping_status":"open","template":"","meta":{"footnotes":""},"class_list":["post-84","page","type-page","status-publish","hentry"],"_links":{"self":[{"href":"https:\/\/esba-basket.com\/liepaja-2014\/wp-json\/wp\/v2\/pages\/84","targetHints":{"allow":["GET"]}}],"collection":[{"href":"https:\/\/esba-basket.com\/liepaja-2014\/wp-json\/wp\/v2\/pages"}],"about":[{"href":"https:\/\/esba-basket.com\/liepaja-2014\/wp-json\/wp\/v2\/types\/page"}],"author":[{"embeddable":true,"href":"https:\/\/esba-basket.com\/liepaja-2014\/wp-json\/wp\/v2\/users\/2"}],"replies":[{"embeddable":true,"href":"https:\/\/esba-basket.com\/liepaja-2014\/wp-json\/wp\/v2\/comments?post=84"}],"version-history":[{"count":20,"href":"https:\/\/esba-basket.com\/liepaja-2014\/wp-json\/wp\/v2\/pages\/84\/revisions"}],"predecessor-version":[{"id":716,"href":"https:\/\/esba-basket.com\/liepaja-2014\/wp-json\/wp\/v2\/pages\/84\/revisions\/716"}],"wp:attachment":[{"href":"https:\/\/esba-basket.com\/liepaja-2014\/wp-json\/wp\/v2\/media?parent=84"}],"curies":[{"name":"wp","href":"https:\/\/api.w.org\/{rel}","templated":true}]}}