{"id":77,"date":"2023-10-02T07:21:04","date_gmt":"2023-10-02T07:21:04","guid":{"rendered":"http:\/\/esba-basket.com\/klaipeda2024\/?page_id=77"},"modified":"2023-10-15T17:10:37","modified_gmt":"2023-10-15T17:10:37","slug":"how-to-reach-klaipeda","status":"publish","type":"page","link":"https:\/\/esba-basket.com\/klaipeda2024\/how-to-reach-klaipeda\/","title":{"rendered":"How to arrive"},"content":{"rendered":"<p><strong>HOW TO ARRIVE TO KLAIPEDA?<\/strong><\/p>\n<p>Probably the most popular low cost flights companies <a href=\"http:\/\/www.ryanair.com\/\">Ryanair<\/a> and <a href=\"http:\/\/www.wizzair.com\/\">Wizzair<\/a> fly to Kaunas airport KUN, Vilnius international airport VNO and even to Palanga airport PLQ, which is just 34 km away from the Klaip\u0117da Old town.<\/p>\n<p><strong>\u00a0How far is Klaip\u0117da from Palanga, Kaunas, Vilnius and Riga airport?<\/strong><\/p>\n<p>Palanga airport (PLQ) <a href=\"https:\/\/www.google.lt\/maps\/dir\/Tarptautinis+Palangos+Oro+Uostas,+V\u012e,+Liepojos+plentas,+Palanga\/55.7077002,21.132493\/@55.8336622,21.1854884,10.5z\/data=!4m9!4m8!1m5!1m1!1s0x46e52e67fdcc507b:0xf00d18d4c424690!2m2!1d21.093611!2d55.973056!1m0!3e0?hl=lt\">34 km<\/a>. \u2013 about half an hour away,<\/p>\n<p><span style=\"color: #0000ff\"><a style=\"color: #0000ff\" href=\"https:\/\/www.palanga-airport.lt\/en\/\">https:\/\/www.palanga-airport.lt\/en\/<\/a><\/span><\/p>\n<p><span style=\"color: #0000ff\"><a style=\"color: #0000ff\" href=\"https:\/\/www.palanga-airport.lt\/en\/before-the-flight\/flights-information\/flight-map\">https:\/\/www.palanga-airport.lt\/en\/before-the-flight\/flights-information\/flight-map<\/a><\/span><\/p>\n<p>Kaunas airport (KUN) <a href=\"https:\/\/www.google.lt\/maps\/dir\/Kaunas+Airport,+Karm\u0117lava\/55.7077002,21.132493\/@55.3111437,22.048141,9z\/data=!3m1!4b1!4m9!4m8!1m5!1m1!1s0x46e71a014e16492b:0xf00d18d4c424670!2m2!1d24.0845615!2d54.964364!1m0!3e0?hl=lt\">221 km<\/a>. &#8211; about 2,5 hours away,<\/p>\n<p><span style=\"color: #0000ff\"><a style=\"color: #0000ff\" href=\"https:\/\/www.kaunas-airport.lt\/en\/\">https:\/\/www.kaunas-airport.lt\/en\/<\/a><\/span><\/p>\n<p><span style=\"color: #0000ff\"><a style=\"color: #0000ff\" href=\"https:\/\/www.kaunas-airport.lt\/en\/before-the-flight\/flights-information\/flight-map\">https:\/\/www.kaunas-airport.lt\/en\/before-the-flight\/flights-information\/flight-map<\/a><\/span><\/p>\n<p>Vilnius airport (VNO) <a href=\"https:\/\/maps.google.lt\/maps?saddr=Gele\u017einkelio+g.&amp;daddr=Varn\u0117n\u0173+g.&amp;hl=lt&amp;ie=UTF8&amp;ll=55.887635,23.433838&amp;spn=4.449794,11.634521&amp;sll=54.670518,25.283532&amp;sspn=0.008959,0.022724&amp;geocode=FVoyQgMd8cSBAQ%3BFfy6UQMdoZJCAQ&amp;mra=dme&amp;mrsp=0&amp;sz=16&amp;t=m&amp;z=7\">306 km<\/a>. &#8211; about 3,5 hours away,<\/p>\n<p><span style=\"color: #0000ff\"><a style=\"color: #0000ff\" href=\"https:\/\/www.vilnius-airport.lt\/en\/\">https:\/\/www.vilnius-airport.lt\/en\/<\/a><\/span><\/p>\n<p><span style=\"color: #0000ff\"><a style=\"color: #0000ff\" href=\"https:\/\/www.vilnius-airport.lt\/en\/before-the-flight\/flights-information\/flight-map\">https:\/\/www.vilnius-airport.lt\/en\/before-the-flight\/flights-information\/flight-map<\/a><\/span><\/p>\n<p>And not to far there is our neighbouring country Latvia with Riga airport (RIX) <a href=\"https:\/\/www.google.lt\/maps\/dir\/Riga+Airport,+Marup\u0117,+Latvija\/55.7077002,21.132493\/@56.2076745,21.4286954,8z\/data=!3m1!4b1!4m9!4m8!1m5!1m1!1s0x46eeda5ff5a58f9d:0x98dcbaa59ebc3e97!2m2!1d23.9733129!2d56.9226554!1m0!3e0?hl=lt\">306 km<\/a>. &#8211; about 4 hours away, <span style=\"color: #0000ff\"><a style=\"color: #0000ff\" href=\"https:\/\/www.riga-airport.com\/en\">https:\/\/www.riga-airport.com\/en<\/a><\/span><\/p>\n<p>&nbsp;<\/p>\n<p>NOTICE: The 2024 flight maps to\/from the Lithuanian airports will be published in November-December 2024 (additional flight directions are planned to Palanga airport).<\/p>\n<p>About Lithuanian Airports\u00a0<span style=\"color: #0000ff\"> <a style=\"color: #0000ff\" href=\"https:\/\/ltou.lt\/en\/about-lithuanian-airports\">https:\/\/ltou.lt\/en\/about-lithuanian-airports<\/a><\/span><\/p>\n<p>&nbsp;<\/p>\n<p><strong>Ferries to Klaipeda<\/strong><\/p>\n<p>The following international ferry routes are currently operated:<\/p>\n<p><span style=\"text-decoration: underline\"><span style=\"color: #000000\"><a style=\"color: #000000;text-decoration: underline\" href=\"http:\/\/www.dfdsseaways.com\/ferry-routes-europe\/ferries-germany-baltics\/kiel-klaipeda\">Kiel-Klaip\u0117da-Kiel<\/a>\u00a0(Germany)<\/span><\/span><br \/>\n<em>Service provider DFDS Seaways<\/em><\/p>\n<p><span style=\"text-decoration: underline\"><span style=\"color: #000000;text-decoration: underline\">Karlshamn-<a style=\"color: #000000;text-decoration: underline\" href=\"http:\/\/www.dfdsseaways.com\/ferry-routes-europe\/baltics-sweden-ferries\">Klaip\u0117da-Karlshamn<\/a>\u00a0(Sweden)<\/span><\/span><em><br \/>\nService provider DFDS Seaways<\/em><\/p>\n<p><span style=\"text-decoration: underline\"><span style=\"color: #000000;text-decoration: underline\">Karlshamn-<a style=\"color: #000000;text-decoration: underline\" href=\"https:\/\/www.ttline.com\/en\/timetables\/\">Klaip\u0117da-Karlshamn<\/a>\u00a0(Sweden)<\/span><\/span><br \/>\n<em>Service provider TT-line<\/em><\/p>\n<p><span style=\"text-decoration: underline\"><span style=\"color: #000000;text-decoration: underline\">Trelleborg-<a style=\"color: #000000;text-decoration: underline\" href=\"https:\/\/www.ttline.com\/en\/sweden-ferries\/timetable-klatre\/\">Klaip\u0117da-Trelleborg<\/a>\u00a0(Sweden)<\/span><\/span><br \/>\n<em>Service provider TT-Line<\/em><\/p>\n<p><span style=\"text-decoration: underline\"><span style=\"color: #000000;text-decoration: underline\">Travem\u00fcnde-<\/span><\/span><a href=\"https:\/\/www.ttline.com\/en\/germany-ferries\/klaipeda-travemuende\/\"><span style=\"text-decoration: underline\"><span style=\"color: #000000;text-decoration: underline\">Klaip\u0117da-Travem\u00fcnde<\/span><\/span>\u00a0<\/a> (Germany via Trelleborg)<br \/>\n<em>Service provider TT-Line<\/em><\/p>\n<p><span style=\"text-decoration: underline\">Rostock-<span style=\"color: #000000;text-decoration: underline\"><a style=\"color: #000000;text-decoration: underline\" href=\"https:\/\/www.ttline.com\/en\/germany-ferries\/timetable-klaros\/\">Klaip\u0117da-Rostock<\/a><\/span><\/span> (Germany via Trelleborg)<br \/>\n<em>Service provider TT-Line<\/em><\/p>\n<p>DFDS Seaways <span style=\"color: #0000ff\"><a style=\"color: #0000ff\" href=\"https:\/\/www.dfds.com\/en\/passenger-ferries\">https:\/\/www.dfds.com\/en\/passenger-ferries<\/a><\/span><\/p>\n<p>TT line <span style=\"color: #0000ff\"><a style=\"color: #0000ff\" href=\"https:\/\/www.ttline.com\/en\/\">https:\/\/www.ttline.com\/en\/<\/a><\/span><\/p>\n<p>&nbsp;<\/p>\n<p>For more information, please visit <span style=\"color: #0000ff\"><a style=\"color: #0000ff\" href=\"https:\/\/klaipedatravel.lt\/en\/how-to-arrive\/\">https:\/\/klaipedatravel.lt\/en\/how-to-arrive\/<\/a><\/span><\/p>\n","protected":false},"excerpt":{"rendered":"<p>HOW TO ARRIVE TO KLAIPEDA? Probably the most popular low cost flights companies Ryanair and Wizzair fly to Kaunas airport KUN, Vilnius international airport VNO and even to Palanga airport [&hellip;]<\/p>\n","protected":false},"author":17,"featured_media":0,"parent":0,"menu_order":0,"comment_status":"open","ping_status":"open","template":"","meta":{"footnotes":""},"class_list":["post-77","page","type-page","status-publish","hentry"],"_links":{"self":[{"href":"https:\/\/esba-basket.com\/klaipeda2024\/wp-json\/wp\/v2\/pages\/77","targetHints":{"allow":["GET"]}}],"collection":[{"href":"https:\/\/esba-basket.com\/klaipeda2024\/wp-json\/wp\/v2\/pages"}],"about":[{"href":"https:\/\/esba-basket.com\/klaipeda2024\/wp-json\/wp\/v2\/types\/page"}],"author":[{"embeddable":true,"href":"https:\/\/esba-basket.com\/klaipeda2024\/wp-json\/wp\/v2\/users\/17"}],"replies":[{"embeddable":true,"href":"https:\/\/esba-basket.com\/klaipeda2024\/wp-json\/wp\/v2\/comments?post=77"}],"version-history":[{"count":4,"href":"https:\/\/esba-basket.com\/klaipeda2024\/wp-json\/wp\/v2\/pages\/77\/revisions"}],"predecessor-version":[{"id":86,"href":"https:\/\/esba-basket.com\/klaipeda2024\/wp-json\/wp\/v2\/pages\/77\/revisions\/86"}],"wp:attachment":[{"href":"https:\/\/esba-basket.com\/klaipeda2024\/wp-json\/wp\/v2\/media?parent=77"}],"curies":[{"name":"wp","href":"https:\/\/api.w.org\/{rel}","templated":true}]}}