{"id":71,"date":"2023-10-02T07:18:34","date_gmt":"2023-10-02T07:18:34","guid":{"rendered":"http:\/\/esba-basket.com\/klaipeda2024\/?page_id=71"},"modified":"2024-01-02T09:11:11","modified_gmt":"2024-01-02T09:11:11","slug":"accomodation","status":"publish","type":"page","link":"https:\/\/esba-basket.com\/klaipeda2024\/accomodation\/","title":{"rendered":"Accomodation"},"content":{"rendered":"<p><strong><span style=\"color: #ff0000\">Note<\/span><\/strong>. If you need any assistance with accommodation and transportation, please contact Monika Stirnaite, Event Transportation and Accommodation Coordinator, <span style=\"text-decoration: underline;color: #0000ff\">monikastirnaite@gmail.com<\/span><\/p>\n<h2><strong>Amberton Hotel Klaip\u0117da ****<\/strong><\/h2>\n<p><strong><a href=\"http:\/\/esba-basket.com\/klaipeda2024\/wp-content\/uploads\/sites\/31\/2023\/10\/Amberton-11.jpg\"><img loading=\"lazy\" decoding=\"async\" class=\"alignnone wp-image-136\" src=\"http:\/\/esba-basket.com\/klaipeda2024\/wp-content\/uploads\/sites\/31\/2023\/10\/Amberton-11.jpg\" alt=\"Amberton 1\" width=\"166\" height=\"121\" srcset=\"https:\/\/esba-basket.com\/klaipeda2024\/wp-content\/uploads\/sites\/31\/2023\/10\/Amberton-11.jpg 800w, https:\/\/esba-basket.com\/klaipeda2024\/wp-content\/uploads\/sites\/31\/2023\/10\/Amberton-11-300x218.jpg 300w, https:\/\/esba-basket.com\/klaipeda2024\/wp-content\/uploads\/sites\/31\/2023\/10\/Amberton-11-62x44.jpg 62w\" sizes=\"auto, (max-width: 166px) 100vw, 166px\" \/><\/a><br \/>\n<\/strong>Naujojo Sodo str. 1, LT-92118 Klaip\u0117da, Lithuania<\/p>\n<p>The modern 4* Amberton Hotel Klaipeda is located right next to the Baltic Sea, a few minutes\u2019 walk from<br \/>\nthe town center, most striking attractions of Klaipeda and the old part of the historic city.<br \/>\n<span style=\"color: #0000ff\"><a style=\"color: #0000ff\" href=\"https:\/\/ambertonhotels.com\/en\/klaipeda-rooms\/\" target=\"_blank\">https:\/\/ambertonhotels.com\/en\/klaipeda-rooms\/<\/a><\/span><br \/>\n<span style=\"color: #0000ff\"><a style=\"color: #0000ff\" href=\"https:\/\/youtu.be\/jiqxhuMiZGM?si=weG3no1dRzo1hsqL\" target=\"_blank\">https:\/\/youtu.be\/jiqxhuMiZGM?si=weG3no1dRzo1hsqL<\/a><\/span><\/p>\n<p><strong>SPECIAL RATES<\/strong> will be applied for ESBA event participants with the code <strong>ESBA\u201924<\/strong>.<br \/>\nThe room offer is inclusive of buffet breakfast.<br \/>\nFor inquiries and reservations please email: <a href=\"mailto:reservations1@amberton.lt\" target=\"_blank\"><span style=\"color: #0000ff\">reservations1@amberton.lt<\/span><br \/>\n<\/a><span style=\"color: #ff0000\"><strong>Comment from the hotel:<\/strong><\/span> Please note that we have a limited number of rooms at the quoted rates so please book early!<\/p>\n<h2><strong>VICTORIA Hotel Klaip\u0117da ****<\/strong><\/h2>\n<p><strong><a href=\"http:\/\/esba-basket.com\/klaipeda2024\/wp-content\/uploads\/sites\/31\/2023\/10\/Victoria-1.jpg\"><img loading=\"lazy\" decoding=\"async\" class=\"alignnone wp-image-133\" src=\"http:\/\/esba-basket.com\/klaipeda2024\/wp-content\/uploads\/sites\/31\/2023\/10\/Victoria-1-1024x682.jpg\" alt=\"Victoria 1\" width=\"181\" height=\"121\" srcset=\"https:\/\/esba-basket.com\/klaipeda2024\/wp-content\/uploads\/sites\/31\/2023\/10\/Victoria-1-1024x682.jpg 1024w, https:\/\/esba-basket.com\/klaipeda2024\/wp-content\/uploads\/sites\/31\/2023\/10\/Victoria-1-300x200.jpg 300w\" sizes=\"auto, (max-width: 181px) 100vw, 181px\" \/><\/a> <a href=\"http:\/\/esba-basket.com\/klaipeda2024\/wp-content\/uploads\/sites\/31\/2023\/10\/Victoria-2.jpg\"><img loading=\"lazy\" decoding=\"async\" class=\"alignnone wp-image-134\" src=\"http:\/\/esba-basket.com\/klaipeda2024\/wp-content\/uploads\/sites\/31\/2023\/10\/Victoria-2-1024x682.jpg\" alt=\"Donatas Vaiciulis Photography\" width=\"182\" height=\"121\" srcset=\"https:\/\/esba-basket.com\/klaipeda2024\/wp-content\/uploads\/sites\/31\/2023\/10\/Victoria-2-1024x682.jpg 1024w, https:\/\/esba-basket.com\/klaipeda2024\/wp-content\/uploads\/sites\/31\/2023\/10\/Victoria-2-300x199.jpg 300w, https:\/\/esba-basket.com\/klaipeda2024\/wp-content\/uploads\/sites\/31\/2023\/10\/Victoria-2.jpg 2048w\" sizes=\"auto, (max-width: 182px) 100vw, 182px\" \/><\/a><\/strong><br \/>\nS. \u0160imkaus\u00a0str. 2, LT-92128 Klaip\u0117da, Lietuva<\/p>\n<p>The modern 4* Superior Hotel which opened its door in early 2022 after full renovation. It offers a<br \/>\nbeautiful ambience of historical building and modern interiors with full comfort and wide spectrum of<br \/>\nservices. Hotel features 105 rooms, 4 food and beverages outlets, 5 conference rooms, SPA, fitness<br \/>\nroom and kid room.<\/p>\n<p><strong>SPECIAL RATES<\/strong> will be applied for ESBA event participants with the code <strong>ESBA\u201924<\/strong>.<br \/>\nThe room offer is inclusive of buffet breakfast and SPA access.<br \/>\nFor inquiries and reservations please email:<span style=\"color: #0000ff\"> <a style=\"color: #0000ff\" href=\"mailto:klaipeda@hotelvictoria.lt\" target=\"_blank\">klaipeda@hotelvictoria.lt<\/a><\/span> or call +370 620 66774<\/p>\n<h2><strong>National Hotel ****<\/strong><\/h2>\n<p><a href=\"http:\/\/esba-basket.com\/klaipeda2024\/wp-content\/uploads\/sites\/31\/2023\/10\/National-01.jpg\"><img loading=\"lazy\" decoding=\"async\" class=\"alignnone wp-image-152\" src=\"http:\/\/esba-basket.com\/klaipeda2024\/wp-content\/uploads\/sites\/31\/2023\/10\/National-01.jpg\" alt=\"National 01\" width=\"179\" height=\"121\" \/><\/a> <a href=\"http:\/\/esba-basket.com\/klaipeda2024\/wp-content\/uploads\/sites\/31\/2023\/10\/National-02.jpg\"><img loading=\"lazy\" decoding=\"async\" class=\"alignnone wp-image-153\" src=\"http:\/\/esba-basket.com\/klaipeda2024\/wp-content\/uploads\/sites\/31\/2023\/10\/National-02.jpg\" alt=\"National 02\" width=\"182\" height=\"121\" srcset=\"https:\/\/esba-basket.com\/klaipeda2024\/wp-content\/uploads\/sites\/31\/2023\/10\/National-02.jpg 311w, https:\/\/esba-basket.com\/klaipeda2024\/wp-content\/uploads\/sites\/31\/2023\/10\/National-02-300x199.jpg 300w\" sizes=\"auto, (max-width: 182px) 100vw, 182px\" \/><\/a><br \/>\n\u017dvej\u0173 g. 21\/Teatro g.1, LT-91247 Klaip\u0117da, Lithuania<\/p>\n<p>Set in a 19th-century building in the heart of Klaipeda\u2019s Old Town, the National Hotel offers soundproofed rooms overlooking Theatre Square and the River Dane. <span style=\"color: #0000ff\"><a style=\"color: #0000ff\" href=\"http:\/\/www.nationalhotel.lt\" target=\"_blank\">www.nationalhotel.lt<\/a><\/span><\/p>\n<p><strong>SPECIAL RATES<\/strong> will be applied for ESBA event participants with the code\u00a0<strong>ESBA\u201924.<br \/>\n<\/strong>The room offer includes a buffet breakfast and a 10% discount at &#8216;The Fat Cat&#8217; gastrobar, where guests can enjoy modern European and Lithuanian dishes featuring local and seasonal produce, served with warmth and hospitality.<br \/>\nFor inquiries and reservations please email:\u00a0<span style=\"text-decoration: underline;color: #0000ff\">sales@nationalhotel.lt<\/span> or call +370\u00a0655 72852.<br \/>\n<span style=\"color: #ff0000\"><strong>Comment from the hotel:<\/strong><\/span> We strongly recommend ensuring your accommodation on your preferred dates. Dates in August are filling up fast, and there is limited availability for accommodation.<\/p>\n<p>&nbsp;<\/p>\n<h2><strong>Old Mill Hotel ***<\/strong><\/h2>\n<p><a href=\"http:\/\/esba-basket.com\/klaipeda2024\/wp-content\/uploads\/sites\/31\/2023\/10\/DSC01064.jpg\"><img loading=\"lazy\" decoding=\"async\" class=\"alignnone wp-image-197\" src=\"http:\/\/esba-basket.com\/klaipeda2024\/wp-content\/uploads\/sites\/31\/2023\/10\/DSC01064-1024x690.jpg\" alt=\"DSC01064\" width=\"179\" height=\"121\" srcset=\"https:\/\/esba-basket.com\/klaipeda2024\/wp-content\/uploads\/sites\/31\/2023\/10\/DSC01064-1024x690.jpg 1024w, https:\/\/esba-basket.com\/klaipeda2024\/wp-content\/uploads\/sites\/31\/2023\/10\/DSC01064-300x202.jpg 300w, https:\/\/esba-basket.com\/klaipeda2024\/wp-content\/uploads\/sites\/31\/2023\/10\/DSC01064.jpg 2000w\" sizes=\"auto, (max-width: 179px) 100vw, 179px\" \/><\/a>\u00a0<a href=\"http:\/\/esba-basket.com\/klaipeda2024\/wp-content\/uploads\/sites\/31\/2023\/10\/Old_Mill_306-2.jpg\"><img loading=\"lazy\" decoding=\"async\" class=\"alignnone wp-image-198\" src=\"http:\/\/esba-basket.com\/klaipeda2024\/wp-content\/uploads\/sites\/31\/2023\/10\/Old_Mill_306-2-1024x681.jpg\" alt=\"Old_Mill_306 (2)\" width=\"182\" height=\"121\" srcset=\"https:\/\/esba-basket.com\/klaipeda2024\/wp-content\/uploads\/sites\/31\/2023\/10\/Old_Mill_306-2-1024x681.jpg 1024w, https:\/\/esba-basket.com\/klaipeda2024\/wp-content\/uploads\/sites\/31\/2023\/10\/Old_Mill_306-2-300x199.jpg 300w, https:\/\/esba-basket.com\/klaipeda2024\/wp-content\/uploads\/sites\/31\/2023\/10\/Old_Mill_306-2.jpg 2000w\" sizes=\"auto, (max-width: 182px) 100vw, 182px\" \/><br \/>\n<\/a>\u017dvej\u0173 g. 22, LT-91241 Klaip\u0117da, Lithuania<\/p>\n<p>The hotel \u201eOld Mill Hotel\u201c is one of the most spectacular buildings of the Klaip\u0117da Port. In the XVIII c. this building was called the \u201eRice Mill\u201c, because there was the first and the biggest rice mill in Lithuania. In 2008 a modern 3* PLUS hotel was open here after reconstruction, soon it has become a true symbol of the city of Klaipeda. The guests are offered 32 rooms (single, double\/twin, superior double, suite). <span style=\"color: #0000ff\">\u00a0<a style=\"color: #0000ff\" href=\"https:\/\/www.oldmillhotel.lt\/en\/\">https:\/\/www.oldmillhotel.lt\/en\/<\/a><\/span><\/p>\n<p><strong>SPECIAL RATES<\/strong> will be applied for ESBA event participants with the code\u00a0<strong>ESBA\u201924.<\/strong><br \/>\nThe room offer is inclusive of buffet breakfast.<br \/>\nFor inquiries and reservations please email:\u00a0<span style=\"color: #0000ff\"><a style=\"color: #0000ff\" href=\"mailto:info@oldmillhotel.lt\">info@oldmillhotel.lt<\/a><\/span> or call +370-698 73901<br \/>\n<strong><span style=\"color: #ff0000\">Comment from the hotel<\/span>:<\/strong> Please note that we have a limited number of rooms at the quoted rates so please book early!<\/p>\n","protected":false},"excerpt":{"rendered":"<p>Note. If you need any assistance with accommodation and transportation, please contact Monika Stirnaite, Event Transportation and Accommodation Coordinator, monikastirnaite@gmail.com Amberton Hotel Klaip\u0117da **** Naujojo Sodo str. 1, LT-92118 Klaip\u0117da, [&hellip;]<\/p>\n","protected":false},"author":17,"featured_media":0,"parent":0,"menu_order":0,"comment_status":"open","ping_status":"open","template":"","meta":{"footnotes":""},"class_list":["post-71","page","type-page","status-publish","hentry"],"_links":{"self":[{"href":"https:\/\/esba-basket.com\/klaipeda2024\/wp-json\/wp\/v2\/pages\/71","targetHints":{"allow":["GET"]}}],"collection":[{"href":"https:\/\/esba-basket.com\/klaipeda2024\/wp-json\/wp\/v2\/pages"}],"about":[{"href":"https:\/\/esba-basket.com\/klaipeda2024\/wp-json\/wp\/v2\/types\/page"}],"author":[{"embeddable":true,"href":"https:\/\/esba-basket.com\/klaipeda2024\/wp-json\/wp\/v2\/users\/17"}],"replies":[{"embeddable":true,"href":"https:\/\/esba-basket.com\/klaipeda2024\/wp-json\/wp\/v2\/comments?post=71"}],"version-history":[{"count":22,"href":"https:\/\/esba-basket.com\/klaipeda2024\/wp-json\/wp\/v2\/pages\/71\/revisions"}],"predecessor-version":[{"id":263,"href":"https:\/\/esba-basket.com\/klaipeda2024\/wp-json\/wp\/v2\/pages\/71\/revisions\/263"}],"wp:attachment":[{"href":"https:\/\/esba-basket.com\/klaipeda2024\/wp-json\/wp\/v2\/media?parent=71"}],"curies":[{"name":"wp","href":"https:\/\/api.w.org\/{rel}","templated":true}]}}