{"id":32,"date":"2025-06-10T20:33:31","date_gmt":"2025-06-10T20:33:31","guid":{"rendered":"http:\/\/esba-basket.com\/baltic-cup-2025\/?page_id=32"},"modified":"2025-09-29T12:31:35","modified_gmt":"2025-09-29T12:31:35","slug":"teams","status":"publish","type":"page","link":"https:\/\/esba-basket.com\/baltic-cup-2025\/teams\/","title":{"rendered":"Teams"},"content":{"rendered":"<p>F35 (1 team)<br \/>Lithuania &#8211; <strong>Kaunas &#8220;Favorites&#8221;<\/strong> (<span style=\"color: #ff0000;\">E<del>stonia, Latvia &#8211; Riga &#8220;Dinamo&#8221;, Wild card<\/del><\/span>)<br \/>F40 (1 team)<br \/>Latvia &#8211; <strong>Riga &#8220;Dinamo&#8221;<\/strong> (<span style=\"color: #ff0000;\"><del>Estonia, Lithuania, Wild card<\/del><\/span>)<br \/><span style=\"color: #ff0000;\"><del>F45<\/del><\/span><br \/><span style=\"color: #ff0000;\">(Estonia, Latvia, Lithuania, Wild card)<\/span><br \/><span style=\"color: #ff0000;\"><del>F50<\/del><\/span><br \/><span style=\"color: #ff0000;\">(<del>Estonia, Latvia, Lithuania &#8211; Alytus &#8220;RKL&#8221;, Wild card<\/del>)<\/span><br \/><span style=\"color: #ff0000;\"><del>F55<\/del><\/span><br \/><span style=\"color: #ff0000;\">(<del>Estonia, Latvia, Lithuania, Wild card<\/del>)<\/span><br \/>F60 (2 teams)<br \/>Latvia &#8211; <strong>Riga &#8220;Zeltenes&#8221;<\/strong>, Italy &#8211;<strong> &#8220;Over Sport Italia&#8221;<\/strong> (<span style=\"color: #ff0000;\"><del>Estonia, Lithuania<\/del><\/span>)<\/p>\n<p>M40 (4 teams)<br \/>Estonia &#8211; <strong>&#8220;Sportland&#8221;<\/strong>, Latvia &#8211; <strong>Ventspils &#8220;Du\u017ei&#8221;<\/strong>, Lithuania &#8211; <strong>Pakruojo &#8220;Parketas-Dolomitas&#8221;<\/strong>, Wild card &#8211; <strong>Panev\u0117\u017eio raj. &#8220;Akmenys&#8221;\u00a0<\/strong><br \/>M45 (4 teams)<br \/>Estonia &#8211; <strong>&#8220;SetuSaunaSelts\/Scanweld&#8221;<\/strong>, Latvia &#8211; <strong>&#8220;Babite&#8221;<\/strong>, Lithuania\u00a0 &#8211; <strong>Pakruojo &#8220;Parketas-Dolomitas&#8221;<\/strong>, Wild card &#8211;<strong>Panev\u0117\u017eys &#8220;Alaus m\u0117g\u0117jai &#8211; Kar\u010diama&#8221;<\/strong><br \/>M50 (4 teams)<br \/>Estonia &#8211; <strong>&#8220;KK Ribi&#8221;<\/strong>, Latvia &#8211; <strong>Saldus &#8220;Kailie Brie\u017ei&#8221;<\/strong>, Lithuania &#8211; <strong>Pakruojo &#8220;Parketas-Dolomitas&#8221;<\/strong>, Wild card &#8211; Spain, <strong>Madrid &#8220;Old Blacks&#8221;<\/strong><br \/>M55 (4 teams)<br \/>Estonia, Latvia &#8211; <strong>&#8220;Lapme\u017eciems&#8221;<\/strong>, Lithuania &#8211; <strong>\u0160ilut\u0117s &#8220;\u0160amai&#8221;<\/strong>, Wild cards &#8211; <strong>Radvili\u0161kis, &#8220;\u0160eduvos Mal\u016bnas&#8221;<\/strong> and <strong>Marijampol\u0117s &#8220;Marijampol\u0117&#8221;<\/strong><br \/>M60 (4 teams)<br \/>Estonia &#8211; &#8220;<strong>Wombat&#8221;<\/strong>, Latvia &#8211; <strong>Kekava<\/strong>, Lithuania &#8211; <strong>Kauno &#8220;KTU-Omega&#8221;<\/strong>, Wild card &#8211; Latvia\u00a0 <strong>BK Tukums<\/strong><br \/>M65 (3 teams)<br \/>Latvia &#8211; <strong>Kekava<\/strong>, Lithuania &#8211; <strong>Vilniaus &#8220;Statyba-VRM&#8221;<\/strong>, Wild card -Lithuania &#8211; <strong>Taurag\u0117s &#8220;\u017demaitija&#8221;<\/strong> (<span style=\"color: #ff0000;\"><del>Estonia<\/del><\/span>)<br \/>M70 (3 teams)<br \/>Lithuania &#8211; <strong>Klaip\u0117dos &#8220;Molas&#8221;<\/strong>, Wild cards &#8211; Czech Republic <strong>&#8220;Central Europe All-stars&#8221;<\/strong> and <strong>Baltic team<\/strong> (EE, DE, LT) (<del><span style=\"color: #ff0000;\">Estonia, Latvia &#8211; BK Tukums<\/span>)\u00a0<\/del><br \/>M75 (2 teams)<br \/>Latvia &#8211; <strong>BK Tukums<\/strong>, Lithuania &#8211; <strong>Vilniaus Statybos senjorai<\/strong> (<span style=\"color: #ff0000;\"><del>Estonia, Wild card<\/del><\/span>)<\/p>\n\n\n<p><\/p>\n","protected":false},"excerpt":{"rendered":"<p>F35 (1 team)Lithuania &#8211; Kaunas &#8220;Favorites&#8221; (Estonia, Latvia &#8211; Riga &#8220;Dinamo&#8221;, Wild card)F40 (1 team)Latvia &#8211; Riga &#8220;Dinamo&#8221; (Estonia, Lithuania, Wild card)F45(Estonia, Latvia, Lithuania, Wild card)F50(Estonia, Latvia, Lithuania &#8211; Alytus [&hellip;]<\/p>\n","protected":false},"author":17,"featured_media":0,"parent":0,"menu_order":0,"comment_status":"open","ping_status":"open","template":"","meta":{"footnotes":""},"class_list":["post-32","page","type-page","status-publish","hentry"],"_links":{"self":[{"href":"https:\/\/esba-basket.com\/baltic-cup-2025\/wp-json\/wp\/v2\/pages\/32","targetHints":{"allow":["GET"]}}],"collection":[{"href":"https:\/\/esba-basket.com\/baltic-cup-2025\/wp-json\/wp\/v2\/pages"}],"about":[{"href":"https:\/\/esba-basket.com\/baltic-cup-2025\/wp-json\/wp\/v2\/types\/page"}],"author":[{"embeddable":true,"href":"https:\/\/esba-basket.com\/baltic-cup-2025\/wp-json\/wp\/v2\/users\/17"}],"replies":[{"embeddable":true,"href":"https:\/\/esba-basket.com\/baltic-cup-2025\/wp-json\/wp\/v2\/comments?post=32"}],"version-history":[{"count":31,"href":"https:\/\/esba-basket.com\/baltic-cup-2025\/wp-json\/wp\/v2\/pages\/32\/revisions"}],"predecessor-version":[{"id":339,"href":"https:\/\/esba-basket.com\/baltic-cup-2025\/wp-json\/wp\/v2\/pages\/32\/revisions\/339"}],"wp:attachment":[{"href":"https:\/\/esba-basket.com\/baltic-cup-2025\/wp-json\/wp\/v2\/media?parent=32"}],"curies":[{"name":"wp","href":"https:\/\/api.w.org\/{rel}","templated":true}]}}