{"id":64,"date":"2024-04-19T17:57:23","date_gmt":"2024-04-19T17:57:23","guid":{"rendered":"http:\/\/esba-basket.com\/baltic-cup-2024\/?page_id=64"},"modified":"2024-05-31T06:30:03","modified_gmt":"2024-05-31T06:30:03","slug":"teams","status":"publish","type":"page","link":"https:\/\/esba-basket.com\/baltic-cup-2024\/teams\/","title":{"rendered":"Teams"},"content":{"rendered":"<p>ESTONIA<br \/>\nW35 &#8211; Tartu Vald<br \/>\nW40 &#8211; OSK\/Vesiir<br \/>\nW60 &#8211; Team Estonia<\/p>\n<p>M40 &#8211; Sportland<br \/>\nM45 &#8211; Setu Sauna Selts<br \/>\nM50 &#8211; RIBI<br \/>\nM55\u00a0 &#8211; Wombat<br \/>\nM60 &#8211; Top Trust<br \/>\nM65 &#8211; Top Trust<br \/>\nM70 &#8211;\u00a0No participants<br \/>\nM75 &#8211; No participants<\/p>\n<p>LATVIA<\/p>\n<p>W35 &#8211; Riga<br \/>\nW40 &#8211; Avantis<br \/>\nW50 &#8211; Tukums<br \/>\nW60\u00a0&#8211; Purenes \/ Baroneses<\/p>\n<p>M40 &#8211;\u00a0Ventspils Brivosta<br \/>\nM45 &#8211; HQD \/ Krown<br \/>\nM45 &#8211; Raseiniai (LT)<br \/>\nM50 &#8211; Saldus Kailie brie\u017ei<br \/>\nM50 &#8211; BK SC group<br \/>\nM55 &#8211; Jelgavas Doks<br \/>\nM55 &#8211; Kekava<br \/>\nM60 &#8211; BK Tukums<br \/>\nM60 &#8211; Aizkraukle<br \/>\nM65 &#8211; Kekava<br \/>\nM 70 &#8211;\u00a0No participants<br \/>\nM75 &#8211; Tukums<\/p>\n<p>LITHUANIA<br \/>\nW45 &#8211; Kupi\u0161kio merginos<\/p>\n<p>M40\u00a0&#8211;\u00a0Pakruojo Parketas &#8211; Delikatesas<br \/>\nM45 &#8211; Pakruojo Parketas &#8211; Dolomitas<br \/>\nM50 &#8211; Vilniaus &#8220;Alkajas &#8211; Dastra&#8221;<br \/>\nM55 &#8211; \u0160ilut\u0117s &#8220;\u0160amai&#8221;<br \/>\nM60 &#8211; Vilniaus Silicio Biotechnologijos<br \/>\nM65 &#8211; Vilniaus Statybos senjorai<br \/>\nM70 &#8211; No participants<br \/>\nM75 &#8211;\u00a0Vilniaus Statybos senjorai<\/p>\n<p>&nbsp;<\/p>\n<p>Lithuania&#8217;s champions in W35, M40, M45, M50, M55, M60, M65, M70, M75 age groups.<\/p>\n<p><a href=\"http:\/\/esba-basket.com\/baltic-cup-2024\/wp-content\/uploads\/sites\/32\/2024\/04\/2024-LKVL-\u010dempionai.jpg\"><img loading=\"lazy\" decoding=\"async\" class=\"alignnone wp-image-86\" src=\"http:\/\/esba-basket.com\/baltic-cup-2024\/wp-content\/uploads\/sites\/32\/2024\/04\/2024-LKVL-\u010dempionai-1024x262.jpg\" alt=\"2024 LKVL \u010dempionai\" width=\"819\" height=\"210\" srcset=\"https:\/\/esba-basket.com\/baltic-cup-2024\/wp-content\/uploads\/sites\/32\/2024\/04\/2024-LKVL-\u010dempionai-1024x262.jpg 1024w, https:\/\/esba-basket.com\/baltic-cup-2024\/wp-content\/uploads\/sites\/32\/2024\/04\/2024-LKVL-\u010dempionai-300x76.jpg 300w\" sizes=\"auto, (max-width: 819px) 100vw, 819px\" \/><\/a><\/p>\n","protected":false},"excerpt":{"rendered":"<p>ESTONIA W35 &#8211; Tartu Vald W40 &#8211; OSK\/Vesiir W60 &#8211; Team Estonia M40 &#8211; Sportland M45 &#8211; Setu Sauna Selts M50 &#8211; RIBI M55\u00a0 &#8211; Wombat M60 &#8211; Top Trust [&hellip;]<\/p>\n","protected":false},"author":17,"featured_media":0,"parent":0,"menu_order":0,"comment_status":"open","ping_status":"open","template":"","meta":{"footnotes":""},"class_list":["post-64","page","type-page","status-publish","hentry"],"_links":{"self":[{"href":"https:\/\/esba-basket.com\/baltic-cup-2024\/wp-json\/wp\/v2\/pages\/64","targetHints":{"allow":["GET"]}}],"collection":[{"href":"https:\/\/esba-basket.com\/baltic-cup-2024\/wp-json\/wp\/v2\/pages"}],"about":[{"href":"https:\/\/esba-basket.com\/baltic-cup-2024\/wp-json\/wp\/v2\/types\/page"}],"author":[{"embeddable":true,"href":"https:\/\/esba-basket.com\/baltic-cup-2024\/wp-json\/wp\/v2\/users\/17"}],"replies":[{"embeddable":true,"href":"https:\/\/esba-basket.com\/baltic-cup-2024\/wp-json\/wp\/v2\/comments?post=64"}],"version-history":[{"count":14,"href":"https:\/\/esba-basket.com\/baltic-cup-2024\/wp-json\/wp\/v2\/pages\/64\/revisions"}],"predecessor-version":[{"id":193,"href":"https:\/\/esba-basket.com\/baltic-cup-2024\/wp-json\/wp\/v2\/pages\/64\/revisions\/193"}],"wp:attachment":[{"href":"https:\/\/esba-basket.com\/baltic-cup-2024\/wp-json\/wp\/v2\/media?parent=64"}],"curies":[{"name":"wp","href":"https:\/\/api.w.org\/{rel}","templated":true}]}}