{"id":222,"date":"2024-05-31T20:04:29","date_gmt":"2024-05-31T20:04:29","guid":{"rendered":"http:\/\/esba-basket.com\/baltic-cup-2024\/?page_id=222"},"modified":"2024-06-01T16:10:39","modified_gmt":"2024-06-01T16:10:39","slug":"results","status":"publish","type":"page","link":"https:\/\/esba-basket.com\/baltic-cup-2024\/results\/","title":{"rendered":"RESULTS"},"content":{"rendered":"<p>Day 2, June 1, 2024<\/p>\n<table width=\"492\">\n<tbody>\n<tr>\n<td width=\"50\">M40<\/td>\n<td style=\"font-weight: inherit; font-style: inherit;\" width=\"182\"><a style=\"font-style: inherit; font-weight: inherit;\" href=\"https:\/\/esba-basket.com\/baltic-cup-2024\/team\/?team_id=4633813&amp;season_id=128335&amp;leagueId=45999\">Venstpils Brivosta<\/a><\/td>\n<td style=\"text-align: center;\" width=\"64\"><span style=\"color: #ffffff;\"><strong><span style=\"color: #000000;\"><a id=\"a-0.873445001717232269\" href=\"https:\/\/esba-basket.com\/baltic-cup-2024\/game\/?game_id=5919486&amp;season_id=128335&amp;leagueId=45999\">62<\/a><\/span><\/strong><span style=\"color: #000000;\"><a id=\"a-0.873445001717232269\" href=\"https:\/\/esba-basket.com\/baltic-cup-2024\/game\/?game_id=5919486&amp;season_id=128335&amp;leagueId=45999\">:56<\/a><\/span><\/span><\/td>\n<td style=\"font-weight: inherit; font-style: inherit;\" width=\"196\"><a style=\"font-style: inherit; font-weight: inherit;\" href=\"https:\/\/esba-basket.com\/baltic-cup-2024\/team\/?team_id=4764688&amp;season_id=128335&amp;leagueId=45999\">Sportland 40+<\/a><\/td>\n<\/tr>\n<tr>\n<td>M40<\/td>\n<td style=\"font-weight: inherit; font-style: inherit;\" width=\"182\"><a style=\"font-style: inherit; font-weight: inherit;\" href=\"https:\/\/esba-basket.com\/baltic-cup-2024\/team\/?team_id=4633813&amp;season_id=128335&amp;leagueId=45999\">Venstpils Brivosta<\/a><\/td>\n<td style=\"text-align: center;\"><a id=\"a-0.750194001717248125\" href=\"https:\/\/esba-basket.com\/baltic-cup-2024\/game\/?game_id=5919487&amp;season_id=128335&amp;leagueId=45999\">65:<b>88<\/b><\/a><\/td>\n<td style=\"font-weight: inherit; font-style: inherit;\" width=\"196\"><a style=\"font-style: inherit; font-weight: inherit;\" href=\"https:\/\/esba-basket.com\/baltic-cup-2024\/team\/?team_id=4764678&amp;season_id=128335&amp;leagueId=45999\">Pakruojo parketas-Delikatesas<\/a><\/td>\n<\/tr>\n<tr>\n<td>M45<\/td>\n<td style=\"font-weight: inherit; font-style: inherit;\" width=\"182\"><a style=\"font-style: inherit; font-weight: inherit;\" href=\"https:\/\/esba-basket.com\/baltic-cup-2024\/team\/?team_id=4764689&amp;season_id=128336&amp;leagueId=46000\">HQD Krown<\/a><\/td>\n<td style=\"text-align: center;\"><a id=\"a-0.761484001717250928\" href=\"https:\/\/esba-basket.com\/baltic-cup-2024\/game\/?game_id=5919493&amp;season_id=128336&amp;leagueId=46000\">51:<b>78<\/b><\/a><\/td>\n<td style=\"font-weight: inherit; font-style: inherit;\" width=\"196\"><a style=\"font-style: inherit; font-weight: inherit;\" href=\"https:\/\/esba-basket.com\/baltic-cup-2024\/team\/?team_id=4625591&amp;season_id=128336&amp;leagueId=46000\">Pakruojo Parketas-Dolomitas<\/a><\/td>\n<\/tr>\n<tr>\n<td>M45<\/td>\n<td style=\"font-weight: inherit; font-style: inherit;\" width=\"182\"><a style=\"font-style: inherit; font-weight: inherit;\" href=\"https:\/\/esba-basket.com\/baltic-cup-2024\/team\/?team_id=4764703&amp;season_id=128336&amp;leagueId=46000\">Setu Sauna Selts<\/a><\/td>\n<td style=\"text-align: center;\"><a id=\"a-0.006897001717256798\" href=\"https:\/\/esba-basket.com\/baltic-cup-2024\/game\/?game_id=5919492&amp;season_id=128336&amp;leagueId=46000\"><b>86<\/b>:50<\/a><\/td>\n<td style=\"font-weight: inherit; font-style: inherit;\" width=\"196\"><a style=\"font-style: inherit; font-weight: inherit;\" href=\"https:\/\/esba-basket.com\/baltic-cup-2024\/team\/?team_id=4764722&amp;season_id=128336&amp;leagueId=46000\">Raseiniai<\/a><\/td>\n<\/tr>\n<tr>\n<td>M50<\/td>\n<td style=\"font-weight: inherit; font-style: inherit;\" width=\"182\"><a style=\"font-style: inherit; font-weight: inherit;\" href=\"https:\/\/esba-basket.com\/baltic-cup-2024\/team\/?team_id=4760119&amp;season_id=128337&amp;leagueId=46001\">Alkajas-Dastra<\/a><\/td>\n<td style=\"text-align: center;\">\u00a0<a id=\"a-0.277873001717242530\" href=\"https:\/\/esba-basket.com\/baltic-cup-2024\/game\/?game_id=5919496&amp;season_id=128337&amp;leagueId=46001\"><b>50<\/b>:31<\/a><\/td>\n<td style=\"font-weight: inherit; font-style: inherit;\" width=\"196\"><a style=\"font-style: inherit; font-weight: inherit;\" href=\"https:\/\/esba-basket.com\/baltic-cup-2024\/team\/?team_id=4764704&amp;season_id=128337&amp;leagueId=46001\">BK SCGROUP<\/a><\/td>\n<\/tr>\n<tr>\n<td>M50<\/td>\n<td style=\"font-weight: inherit; font-style: inherit;\" width=\"182\"><a style=\"font-style: inherit; font-weight: inherit;\" href=\"https:\/\/esba-basket.com\/baltic-cup-2024\/team\/?team_id=4764650&amp;season_id=128337&amp;leagueId=46001\">Saldus \u201cKailie Brie\u017ei\u201d<\/a><\/td>\n<td style=\"text-align: center;\">\u00a0<a id=\"a-0.400949001717255178\" href=\"https:\/\/esba-basket.com\/baltic-cup-2024\/game\/?game_id=5919497&amp;season_id=128337&amp;leagueId=46001\">48:<b>62<\/b><\/a><\/td>\n<td style=\"font-weight: inherit; font-style: inherit;\" width=\"196\"><a style=\"font-style: inherit; font-weight: inherit;\" href=\"https:\/\/esba-basket.com\/baltic-cup-2024\/team\/?team_id=4764698&amp;season_id=128337&amp;leagueId=46001\">KK Ribi<\/a><\/td>\n<\/tr>\n<tr>\n<td>M55<\/td>\n<td style=\"font-weight: inherit; font-style: inherit;\" width=\"182\"><a style=\"font-style: inherit; font-weight: inherit;\" href=\"https:\/\/esba-basket.com\/baltic-cup-2024\/team\/?team_id=4764710&amp;season_id=128338&amp;leagueId=46002\">Kekava<\/a><\/td>\n<td style=\"text-align: center;\">\u00a0<a id=\"a-0.408749001717238639\" href=\"https:\/\/esba-basket.com\/baltic-cup-2024\/game\/?game_id=5919498&amp;season_id=128338&amp;leagueId=46002\">41:<b>49<\/b><\/a><\/td>\n<td style=\"font-weight: inherit; font-style: inherit;\" width=\"196\"><a style=\"font-style: inherit; font-weight: inherit;\" href=\"https:\/\/esba-basket.com\/baltic-cup-2024\/team\/?team_id=4764706&amp;season_id=128338&amp;leagueId=46002\">Wombat Parnu 55<\/a><\/td>\n<\/tr>\n<tr>\n<td>M55<\/td>\n<td style=\"font-weight: inherit; font-style: inherit;\" width=\"182\"><a style=\"font-style: inherit; font-weight: inherit;\" href=\"https:\/\/esba-basket.com\/baltic-cup-2024\/team\/?team_id=4764708&amp;season_id=128338&amp;leagueId=46002\">Doks<\/a><\/td>\n<td style=\"text-align: center;\">\u00a0<a id=\"a-0.258747001717251023\" href=\"https:\/\/esba-basket.com\/baltic-cup-2024\/game\/?game_id=5919394&amp;season_id=128338&amp;leagueId=46002\">49:<b>58<\/b><\/a><\/td>\n<td style=\"font-weight: inherit; font-style: inherit;\" width=\"196\"><a style=\"font-style: inherit; font-weight: inherit;\" href=\"https:\/\/esba-basket.com\/baltic-cup-2024\/team\/?team_id=4764679&amp;season_id=128338&amp;leagueId=46002\">\u0160ilut\u0117s \u0161amai<\/a><\/td>\n<\/tr>\n<tr>\n<td>M60<\/td>\n<td style=\"font-weight: inherit; font-style: inherit;\" width=\"182\"><a style=\"font-style: inherit; font-weight: inherit;\" href=\"https:\/\/esba-basket.com\/baltic-cup-2024\/team\/?team_id=4764680&amp;season_id=128339&amp;leagueId=46003\">\u017demaitija<\/a><\/td>\n<td style=\"text-align: center;\">\u00a0<a id=\"a-0.142428001717236745\" href=\"https:\/\/esba-basket.com\/baltic-cup-2024\/game\/?game_id=5919500&amp;season_id=128339&amp;leagueId=46003\"><b>75<\/b>:41<\/a><\/td>\n<td style=\"font-weight: inherit; font-style: inherit;\" width=\"196\"><a style=\"font-style: inherit; font-weight: inherit;\" href=\"https:\/\/esba-basket.com\/baltic-cup-2024\/team\/?team_id=4764691&amp;season_id=128339&amp;leagueId=46003\">Aizkraukle<\/a><\/td>\n<\/tr>\n<tr>\n<td>M60<\/td>\n<td style=\"font-weight: inherit; font-style: inherit;\" width=\"182\"><a style=\"font-style: inherit; font-weight: inherit;\" href=\"https:\/\/esba-basket.com\/baltic-cup-2024\/team\/?team_id=4764690&amp;season_id=128339&amp;leagueId=46003\">Tukuma K 60<\/a><\/td>\n<td style=\"text-align: center;\">\u00a0<a id=\"a-0.223536001717248667\" href=\"https:\/\/esba-basket.com\/baltic-cup-2024\/game\/?game_id=5919501&amp;season_id=128339&amp;leagueId=46003\">49:<b>84<\/b><\/a><\/td>\n<td style=\"font-weight: inherit; font-style: inherit;\" width=\"196\"><a style=\"font-style: inherit; font-weight: inherit;\" href=\"https:\/\/esba-basket.com\/baltic-cup-2024\/team\/?team_id=4667645&amp;season_id=128339&amp;leagueId=46003\">Top Trust<\/a><\/td>\n<\/tr>\n<tr>\n<td>M65<\/td>\n<td style=\"font-weight: inherit; font-style: inherit;\" width=\"182\"><a style=\"font-style: inherit; font-weight: inherit;\" href=\"https:\/\/esba-basket.com\/baltic-cup-2024\/team\/?team_id=4764692&amp;season_id=128340&amp;leagueId=46004\">Kekava 65<\/a><\/td>\n<td style=\"text-align: center;\">\u00a0<a id=\"a-0.229948001717232598\" href=\"https:\/\/esba-basket.com\/baltic-cup-2024\/game\/?game_id=5919382&amp;season_id=128340&amp;leagueId=46004\">30:<b>50<\/b><\/a><\/td>\n<td style=\"font-weight: inherit; font-style: inherit;\" width=\"196\"><a style=\"font-style: inherit; font-weight: inherit;\" href=\"https:\/\/esba-basket.com\/baltic-cup-2024\/team\/?team_id=4764718&amp;season_id=128340&amp;leagueId=46004\">TOP Trust<\/a><\/td>\n<\/tr>\n<tr>\n<td>M65<\/td>\n<td style=\"font-weight: inherit; font-style: inherit;\" width=\"182\"><a style=\"font-style: inherit; font-weight: inherit;\" href=\"https:\/\/esba-basket.com\/baltic-cup-2024\/team\/?team_id=4764692&amp;season_id=128340&amp;leagueId=46004\">Kekava 65<\/a><\/td>\n<td style=\"text-align: center;\">\u00a0<a id=\"a-0.687124001717255055\" href=\"https:\/\/esba-basket.com\/baltic-cup-2024\/game\/?game_id=5919385&amp;season_id=128340&amp;leagueId=46004\">29:<b>63<\/b><\/a><\/td>\n<td style=\"font-weight: inherit; font-style: inherit;\" width=\"196\"><a style=\"font-style: inherit; font-weight: inherit;\" href=\"https:\/\/esba-basket.com\/baltic-cup-2024\/team\/?team_id=4764681&amp;season_id=128340&amp;leagueId=46004\">Vilniaus statybos senjorai<\/a><\/td>\n<\/tr>\n<tr>\n<td>M75<\/td>\n<td style=\"font-weight: inherit; font-style: inherit;\" width=\"182\"><a style=\"font-style: inherit; font-weight: inherit;\" href=\"https:\/\/esba-basket.com\/baltic-cup-2024\/team\/?team_id=4760130&amp;season_id=128341&amp;leagueId=46005\">Tukums 75<\/a><\/td>\n<td style=\"text-align: center;\">\u00a0<a id=\"a-0.772655001717236654\" href=\"https:\/\/esba-basket.com\/baltic-cup-2024\/game\/?game_id=5919484&amp;season_id=128341&amp;leagueId=46005\"><b>36<\/b>:32<\/a><\/td>\n<td style=\"font-weight: inherit; font-style: inherit;\" width=\"196\"><a style=\"font-style: inherit; font-weight: inherit;\" href=\"https:\/\/esba-basket.com\/baltic-cup-2024\/team\/?team_id=4764682&amp;season_id=128341&amp;leagueId=46005\">Vilniaus statybos senjorai<\/a><\/td>\n<\/tr>\n<tr>\n<td>W35<\/td>\n<td style=\"font-weight: inherit; font-style: inherit;\" width=\"182\"><a style=\"font-style: inherit; font-weight: inherit;\" href=\"https:\/\/esba-basket.com\/baltic-cup-2024\/team\/?team_id=4764687&amp;season_id=128331&amp;leagueId=45995\">SBK Dinamo<\/a><\/td>\n<td style=\"text-align: center;\">\u00a0<a id=\"a-0.920495001717242593\" href=\"https:\/\/esba-basket.com\/baltic-cup-2024\/game\/?game_id=5919363&amp;season_id=128331&amp;leagueId=45995\">64:<b>79<\/b><\/a><\/td>\n<td style=\"font-weight: inherit; font-style: inherit;\" width=\"196\"><a style=\"font-style: inherit; font-weight: inherit;\" href=\"https:\/\/esba-basket.com\/baltic-cup-2024\/team\/?team_id=4764715&amp;season_id=128331&amp;leagueId=45995\">Tartu Vald<\/a><\/td>\n<\/tr>\n<tr>\n<td>W40<\/td>\n<td style=\"font-weight: inherit; font-style: inherit;\" width=\"182\"><a style=\"font-style: inherit; font-weight: inherit;\" href=\"https:\/\/esba-basket.com\/baltic-cup-2024\/team\/?team_id=4752748&amp;season_id=128332&amp;leagueId=45996\">Avantis<\/a><\/td>\n<td style=\"text-align: center;\">\u00a0<a id=\"a-0.868001001717248845\" href=\"https:\/\/esba-basket.com\/baltic-cup-2024\/game\/?game_id=5919367&amp;season_id=128332&amp;leagueId=45996\"><b>66<\/b>:48<\/a><\/td>\n<td style=\"font-weight: inherit; font-style: inherit;\" width=\"196\"><a style=\"font-style: inherit; font-weight: inherit;\" href=\"https:\/\/esba-basket.com\/baltic-cup-2024\/team\/?team_id=4764713&amp;season_id=128332&amp;leagueId=45996\">OSK Vesiir<\/a><\/td>\n<\/tr>\n<tr>\n<td>W45\/50<\/td>\n<td style=\"font-weight: inherit; font-style: inherit;\" width=\"182\"><a style=\"font-style: inherit; font-weight: inherit;\" href=\"https:\/\/esba-basket.com\/baltic-cup-2024\/team\/?team_id=4764684&amp;season_id=128333&amp;leagueId=45997\">BK Tukums<\/a><\/td>\n<td style=\"text-align: center;\">\u00a0<a id=\"a-0.607680001717241557\" href=\"https:\/\/esba-basket.com\/baltic-cup-2024\/game\/?game_id=5919372&amp;season_id=128333&amp;leagueId=45997\"><b>53<\/b>:46<\/a><\/td>\n<td style=\"font-weight: inherit; font-style: inherit;\" width=\"196\"><a style=\"font-style: inherit; font-weight: inherit;\" href=\"https:\/\/esba-basket.com\/baltic-cup-2024\/team\/?team_id=4764683&amp;season_id=128333&amp;leagueId=45997\">Kupi\u0161kio merginos<\/a><\/td>\n<\/tr>\n<tr>\n<td>W60<\/td>\n<td style=\"font-weight: inherit; font-style: inherit;\" width=\"182\"><a style=\"font-style: inherit; font-weight: inherit;\" href=\"https:\/\/esba-basket.com\/baltic-cup-2024\/team\/?team_id=4764685&amp;season_id=128334&amp;leagueId=45998\">Purenes-Baroneses<\/a><\/td>\n<td style=\"text-align: center;\">\u00a0<a id=\"a-0.894908001717250782\" href=\"https:\/\/esba-basket.com\/baltic-cup-2024\/game\/?game_id=5919374&amp;season_id=128334&amp;leagueId=45998\">31:<b>33<\/b><\/a><\/td>\n<td style=\"font-weight: inherit; font-style: inherit;\" width=\"196\"><a style=\"font-style: inherit; font-weight: inherit;\" href=\"https:\/\/esba-basket.com\/baltic-cup-2024\/team\/?team_id=4764711&amp;season_id=128334&amp;leagueId=45998\">Team Estonia 60<\/a><\/td>\n<\/tr>\n<\/tbody>\n<\/table>\n<p>&nbsp;<\/p>\n<p>Day 1, May 31, 2024<\/p>\n<table width=\"492\">\n<tbody>\n<tr>\n<td style=\"font-weight: inherit; font-style: inherit;\" width=\"50\">M40<\/td>\n<td style=\"font-weight: inherit; font-style: inherit;\" width=\"182\"><a style=\"font-style: inherit; font-weight: inherit;\" href=\"https:\/\/esba-basket.com\/baltic-cup-2024\/team\/?team_id=4764688&amp;season_id=128335&amp;leagueId=45999\">Sportland 40+<\/a><\/td>\n<td width=\"64\"><a href=\"https:\/\/esba-basket.com\/baltic-cup-2024\/game\/?game_id=5919485&amp;season_id=128335&amp;leagueId=45999\">45:67<\/a><\/td>\n<td style=\"font-weight: inherit; font-style: inherit;\" width=\"196\"><a style=\"font-style: inherit; font-weight: inherit;\" href=\"https:\/\/esba-basket.com\/baltic-cup-2024\/team\/?team_id=4764678&amp;season_id=128335&amp;leagueId=45999\">Pakruojo parketas-Delikatesas<\/a><\/td>\n<\/tr>\n<tr>\n<td style=\"font-weight: inherit; font-style: inherit;\">M45<\/td>\n<td style=\"font-weight: inherit; font-style: inherit;\"><a style=\"font-style: inherit; font-weight: inherit;\" href=\"https:\/\/esba-basket.com\/baltic-cup-2024\/team\/?team_id=4625591&amp;season_id=128336&amp;leagueId=45999\">Pakruojo Parketas-Dolomitas<\/a><\/td>\n<td><a href=\"https:\/\/esba-basket.com\/baltic-cup-2024\/game\/?game_id=5919490&amp;season_id=128336&amp;leagueId=45999\">97:69<\/a><\/td>\n<td style=\"font-weight: inherit; font-style: inherit;\"><a style=\"font-style: inherit; font-weight: inherit;\" href=\"https:\/\/esba-basket.com\/baltic-cup-2024\/team\/?team_id=4764722&amp;season_id=128336&amp;leagueId=45999\">Raseiniai<\/a><\/td>\n<\/tr>\n<tr>\n<td style=\"font-weight: inherit; font-style: inherit;\">M45<\/td>\n<td style=\"font-weight: inherit; font-style: inherit;\"><a style=\"font-style: inherit; font-weight: inherit;\" href=\"https:\/\/esba-basket.com\/baltic-cup-2024\/team\/?team_id=4764689&amp;season_id=128336&amp;leagueId=45999\">HQD Krown<\/a><\/td>\n<td><a href=\"https:\/\/esba-basket.com\/baltic-cup-2024\/game\/?game_id=5919491&amp;season_id=128336&amp;leagueId=45999\">57:44<\/a><\/td>\n<td style=\"font-weight: inherit; font-style: inherit;\"><a style=\"font-style: inherit; font-weight: inherit;\" href=\"https:\/\/esba-basket.com\/baltic-cup-2024\/team\/?team_id=4764703&amp;season_id=128336&amp;leagueId=45999\">Setu Sauna Selts<\/a><\/td>\n<\/tr>\n<tr>\n<td style=\"font-weight: inherit; font-style: inherit;\">M50<\/td>\n<td style=\"font-weight: inherit; font-style: inherit;\"><a style=\"font-style: inherit; font-weight: inherit;\" href=\"https:\/\/esba-basket.com\/baltic-cup-2024\/team\/?team_id=4764650&amp;season_id=128337&amp;leagueId=45999\">Saldus \u201cKailie Brie\u017ei\u201d<\/a><\/td>\n<td><a href=\"https:\/\/esba-basket.com\/baltic-cup-2024\/game\/?game_id=5919494&amp;season_id=128337&amp;leagueId=45999\">56:42<\/a><\/td>\n<td style=\"font-weight: inherit; font-style: inherit;\"><a style=\"font-style: inherit; font-weight: inherit;\" href=\"https:\/\/esba-basket.com\/baltic-cup-2024\/team\/?team_id=4764704&amp;season_id=128337&amp;leagueId=45999\">BK SCGROUP<\/a><\/td>\n<\/tr>\n<tr>\n<td style=\"font-weight: inherit; font-style: inherit;\">M50<\/td>\n<td style=\"font-weight: inherit; font-style: inherit;\"><a style=\"font-style: inherit; font-weight: inherit;\" href=\"https:\/\/esba-basket.com\/baltic-cup-2024\/team\/?team_id=4764698&amp;season_id=128337&amp;leagueId=45999\">KK Ribi<\/a><\/td>\n<td><a href=\"https:\/\/esba-basket.com\/baltic-cup-2024\/game\/?game_id=5919495&amp;season_id=128337&amp;leagueId=45999\">85:75<\/a><\/td>\n<td style=\"font-weight: inherit; font-style: inherit;\"><a style=\"font-style: inherit; font-weight: inherit;\" href=\"https:\/\/esba-basket.com\/baltic-cup-2024\/team\/?team_id=4760119&amp;season_id=128337&amp;leagueId=45999\">Alkajas-Dastra<\/a><\/td>\n<\/tr>\n<tr>\n<td style=\"font-weight: inherit; font-style: inherit;\">M55<\/td>\n<td style=\"font-weight: inherit; font-style: inherit;\"><a style=\"font-style: inherit; font-weight: inherit;\" href=\"https:\/\/esba-basket.com\/baltic-cup-2024\/team\/?team_id=4764706&amp;season_id=128338&amp;leagueId=45999\">Wombat Parnu 55<\/a><\/td>\n<td><a href=\"https:\/\/esba-basket.com\/baltic-cup-2024\/game\/?game_id=5919394&amp;season_id=128338&amp;leagueId=45999\">49:58<\/a><\/td>\n<td style=\"font-weight: inherit; font-style: inherit;\"><a style=\"font-style: inherit; font-weight: inherit;\" href=\"https:\/\/esba-basket.com\/baltic-cup-2024\/team\/?team_id=4764679&amp;season_id=128338&amp;leagueId=45999\">\u0160ilut\u0117s \u0161amai<\/a><\/td>\n<\/tr>\n<tr>\n<td style=\"font-weight: inherit; font-style: inherit;\">M55<\/td>\n<td style=\"font-weight: inherit; font-style: inherit;\"><a style=\"font-style: inherit; font-weight: inherit;\" href=\"https:\/\/esba-basket.com\/baltic-cup-2024\/team\/?team_id=4764708&amp;season_id=128338&amp;leagueId=45999\">Doks<\/a><\/td>\n<td><a href=\"https:\/\/esba-basket.com\/baltic-cup-2024\/game\/?game_id=5919396&amp;season_id=128338&amp;leagueId=45999\">42:34<\/a><\/td>\n<td style=\"font-weight: inherit; font-style: inherit;\"><a style=\"font-style: inherit; font-weight: inherit;\" href=\"https:\/\/esba-basket.com\/baltic-cup-2024\/team\/?team_id=4764710&amp;season_id=128338&amp;leagueId=45999\">Kekava<\/a><\/td>\n<\/tr>\n<tr>\n<td style=\"font-weight: inherit; font-style: inherit;\">M60<\/td>\n<td style=\"font-weight: inherit; font-style: inherit;\"><a style=\"font-style: inherit; font-weight: inherit;\" href=\"https:\/\/esba-basket.com\/baltic-cup-2024\/team\/?team_id=4667645&amp;season_id=128339&amp;leagueId=45999\">Top Trust<\/a><\/td>\n<td><a href=\"https:\/\/esba-basket.com\/baltic-cup-2024\/game\/?game_id=5919489&amp;season_id=128339&amp;leagueId=45999\">55:38<\/a><\/td>\n<td style=\"font-weight: inherit; font-style: inherit;\"><a style=\"font-style: inherit; font-weight: inherit;\" href=\"https:\/\/esba-basket.com\/baltic-cup-2024\/team\/?team_id=4764680&amp;season_id=128339&amp;leagueId=45999\">\u017demaitija<\/a><\/td>\n<\/tr>\n<tr>\n<td style=\"font-weight: inherit; font-style: inherit;\">M60<\/td>\n<td style=\"font-weight: inherit; font-style: inherit;\"><a style=\"font-style: inherit; font-weight: inherit;\" href=\"https:\/\/esba-basket.com\/baltic-cup-2024\/team\/?team_id=4764690&amp;season_id=128339&amp;leagueId=45999\">Tukuma K 60<\/a><\/td>\n<td><a href=\"https:\/\/esba-basket.com\/baltic-cup-2024\/game\/?game_id=5919488&amp;season_id=128339&amp;leagueId=45999\">72:41<\/a><\/td>\n<td style=\"font-weight: inherit; font-style: inherit;\"><a style=\"font-style: inherit; font-weight: inherit;\" href=\"https:\/\/esba-basket.com\/baltic-cup-2024\/team\/?team_id=4764691&amp;season_id=128339&amp;leagueId=45999\">Aizkraukle<\/a><\/td>\n<\/tr>\n<tr>\n<td style=\"font-weight: inherit; font-style: inherit;\">M65<\/td>\n<td style=\"font-weight: inherit; font-style: inherit;\"><a style=\"font-style: inherit; font-weight: inherit;\" href=\"https:\/\/esba-basket.com\/baltic-cup-2024\/team\/?team_id=4764718&amp;season_id=128340&amp;leagueId=45999\">TOP Trust<\/a><\/td>\n<td><a href=\"https:\/\/esba-basket.com\/baltic-cup-2024\/game\/?game_id=5919379&amp;season_id=128340&amp;leagueId=45999\">30:50<\/a><\/td>\n<td style=\"font-weight: inherit; font-style: inherit;\"><a style=\"font-style: inherit; font-weight: inherit;\" href=\"https:\/\/esba-basket.com\/baltic-cup-2024\/team\/?team_id=4764681&amp;season_id=128340&amp;leagueId=45999\">Vilniaus statybos senjorai<\/a><\/td>\n<\/tr>\n<\/tbody>\n<\/table>\n<p>&nbsp;<\/p>\n","protected":false},"excerpt":{"rendered":"<p>Day 2, June 1, 2024 M40 Venstpils Brivosta 62:56 Sportland 40+ M40 Venstpils Brivosta 65:88 Pakruojo parketas-Delikatesas M45 HQD Krown 51:78 Pakruojo Parketas-Dolomitas M45 Setu Sauna Selts 86:50 Raseiniai M50 [&hellip;]<\/p>\n","protected":false},"author":17,"featured_media":0,"parent":0,"menu_order":0,"comment_status":"open","ping_status":"open","template":"","meta":{"footnotes":""},"class_list":["post-222","page","type-page","status-publish","hentry"],"_links":{"self":[{"href":"https:\/\/esba-basket.com\/baltic-cup-2024\/wp-json\/wp\/v2\/pages\/222","targetHints":{"allow":["GET"]}}],"collection":[{"href":"https:\/\/esba-basket.com\/baltic-cup-2024\/wp-json\/wp\/v2\/pages"}],"about":[{"href":"https:\/\/esba-basket.com\/baltic-cup-2024\/wp-json\/wp\/v2\/types\/page"}],"author":[{"embeddable":true,"href":"https:\/\/esba-basket.com\/baltic-cup-2024\/wp-json\/wp\/v2\/users\/17"}],"replies":[{"embeddable":true,"href":"https:\/\/esba-basket.com\/baltic-cup-2024\/wp-json\/wp\/v2\/comments?post=222"}],"version-history":[{"count":29,"href":"https:\/\/esba-basket.com\/baltic-cup-2024\/wp-json\/wp\/v2\/pages\/222\/revisions"}],"predecessor-version":[{"id":282,"href":"https:\/\/esba-basket.com\/baltic-cup-2024\/wp-json\/wp\/v2\/pages\/222\/revisions\/282"}],"wp:attachment":[{"href":"https:\/\/esba-basket.com\/baltic-cup-2024\/wp-json\/wp\/v2\/media?parent=222"}],"curies":[{"name":"wp","href":"https:\/\/api.w.org\/{rel}","templated":true}]}}