{"id":57,"date":"2023-08-16T20:38:03","date_gmt":"2023-08-16T20:38:03","guid":{"rendered":"http:\/\/esba-basket.com\/baltic-cup-2023\/?page_id=57"},"modified":"2023-09-27T12:53:21","modified_gmt":"2023-09-27T12:53:21","slug":"teams","status":"publish","type":"page","link":"https:\/\/esba-basket.com\/baltic-cup-2023\/teams\/","title":{"rendered":"Teams"},"content":{"rendered":"<h2>FEMALE<\/h2>\n<p><strong>Women 40<\/strong><\/p>\n<ul>\n<li><span style=\"color: #000000;\">Estonia (EE-W40) &#8211;\u00a0OSK\/Vesiir<\/span><\/li>\n<li><span style=\"color: #000000;\">Latvia (LV-W40) &#8211;\u00a0SBK Dinamo<\/span><\/li>\n<\/ul>\n<p><strong>Women 45<\/strong><\/p>\n<p><strong>Women 50<\/strong>:<\/p>\n<p><strong>Women 55<\/strong>:<\/p>\n<ul>\n<li><span style=\"color: #000000;\">Estonia (EE-W55) &#8211;\u00a0Estonia 55<\/span><\/li>\n<li><span style=\"color: #000000;\">Latvia (LV-W55)\u00a0&#8211;\u00a0Purenes<\/span><\/li>\n<\/ul>\n<p><strong>Women 60<\/strong>:<\/p>\n<ul>\n<li><span style=\"color: #000000;\">Estonia (EE-W60)\u00a0&#8211;\u00a0Estonia 60<\/span><\/li>\n<li><span style=\"color: #000000;\">Latvia (LV-W60) &#8211;\u00a0Latvijas Zeltenes<\/span><\/li>\n<\/ul>\n<h2>MALE<\/h2>\n<p><strong>Men 40<\/strong>:<\/p>\n<ul>\n<li><span style=\"color: #000000;\">Estonia (EE-M40) &#8211;\u00a0Sportland<\/span><\/li>\n<li><span style=\"color: #000000;\">Lithuania (LT-M40) &#8211; \u0160irvint\u0173 Briedis<\/span><\/li>\n<\/ul>\n<p><strong>Men 45:<\/strong><\/p>\n<ul>\n<li><span style=\"color: #000000;\">Estonia (EE1-M45) &#8211;\u00a0Setu Sauna Selts<\/span><\/li>\n<li><span style=\"color: #000000;\">Estonia (EE2-M45)\u00a0&#8211;\u00a0BC Tondi<\/span><\/li>\n<li><span style=\"color: #000000;\">Latvia (LV-M45)\u00a0&#8211;\u00a0SC group RIGA<\/span><\/li>\n<li>Lithuania (LT-M45)\u00a0&#8211;\u00a0Pakruojo parketas-Dolomitas<\/li>\n<\/ul>\n<p><strong>Men 50:<\/strong><\/p>\n<ul>\n<li><span style=\"color: #000000;\">Estonia (EE-M50) &#8211;\u00a0Kuldkroon<\/span><\/li>\n<li><span style=\"color: #000000;\">Latvia (LV-M50)\u00a0&#8211;\u00a0Kekava<\/span><\/li>\n<li>Lithuania (LT-M50) \u2013\u00a0Alkajas-Dastra (Vilnius)<\/li>\n<\/ul>\n<p><strong>Men 55:<\/strong><\/p>\n<ul>\n<li><span style=\"color: #000000;\">Estonia (EE1-M55) &#8211;\u00a0Wombat<\/span><\/li>\n<li><span style=\"color: #000000;\">Estonia (EE2-M55)\u00a0&#8211;\u00a0KK P\u00e4rnu<\/span><\/li>\n<li><span style=\"color: #ff0000;\"><span style=\"color: #000000;\">Latvia (LV-M55)\u00a0&#8211; Tukums<\/span>\u00a0 NOTICE: this teams decided to play<\/span><\/li>\n<li>Lithuania (LT-M55) \u2013 Alaus m\u0117g\u0117jai-\u017daibas (Panev\u0117\u017eys)<\/li>\n<\/ul>\n<p><strong>Men 60:<\/strong><\/p>\n<ul>\n<li><span style=\"color: #000000;\">Estonia (EE1-M60)\u00a0&#8211;\u00a0TOP Trust<\/span><\/li>\n<li><span style=\"color: #000000;\">Estonia (EE2-M60) &#8211; Suure-Jaani Veekeskus\u00a0<\/span><\/li>\n<li><span style=\"color: #000000;\">Latvia (LV-M60)\u00a0&#8211; Tukums<\/span><\/li>\n<li>Lithuania (LT-M60) \u2013 Vilniaus Silicio biotechnologijos<\/li>\n<\/ul>\n<p><strong>Men 65:<\/strong><\/p>\n<ul>\n<li><span style=\"color: #000000;\">Estonia (EE-M65) &#8211;\u00a0TOP Trust<\/span><\/li>\n<li><span style=\"color: #000000;\">Latvia\u00a0(LV-M65) &#8211;\u00a0Kekava<\/span><\/li>\n<li>Lithuania (LT-M65) \u2013\u00a0Statybos senjorai (Vilnius)<\/li>\n<\/ul>\n<p><strong>Men 70:<\/strong><\/p>\n<ul>\n<li><span style=\"color: #000000;\">Estonia (EE-M70) &#8211;\u00a0Kalev<\/span><\/li>\n<li>Lithuania (LT1-M70) &#8211;\u00a0KTU-Juta (Kaunas)<\/li>\n<li>Lithuania (LT2-M70) &#8211;\u00a0Klaip\u0117da<\/li>\n<\/ul>\n<p><strong>Men 75:<\/strong><\/p>\n<ul>\n<li><span style=\"color: #000000;\">Estonia (EE-M75) &#8211;\u00a0Sameko<\/span><\/li>\n<li><span style=\"color: #000000;\">Latvia (LV-M75) &#8211;\u00a0Tukums<\/span><\/li>\n<li><span style=\"color: #000000;\">Lithuania (LT-M75) \u2013 KTU-\u017dalgirie\u010diai (Kaunas)<\/span><\/li>\n<\/ul>\n","protected":false},"excerpt":{"rendered":"<p>FEMALE Women 40 Estonia (EE-W40) &#8211;\u00a0OSK\/Vesiir Latvia (LV-W40) &#8211;\u00a0SBK Dinamo Women 45 Women 50: Women 55: Estonia (EE-W55) &#8211;\u00a0Estonia 55 Latvia (LV-W55)\u00a0&#8211;\u00a0Purenes Women 60: Estonia (EE-W60)\u00a0&#8211;\u00a0Estonia 60 Latvia (LV-W60) &#8211;\u00a0Latvijas [&hellip;]<\/p>\n","protected":false},"author":17,"featured_media":0,"parent":0,"menu_order":0,"comment_status":"open","ping_status":"open","template":"","meta":{"footnotes":""},"class_list":["post-57","page","type-page","status-publish","hentry"],"_links":{"self":[{"href":"https:\/\/esba-basket.com\/baltic-cup-2023\/wp-json\/wp\/v2\/pages\/57","targetHints":{"allow":["GET"]}}],"collection":[{"href":"https:\/\/esba-basket.com\/baltic-cup-2023\/wp-json\/wp\/v2\/pages"}],"about":[{"href":"https:\/\/esba-basket.com\/baltic-cup-2023\/wp-json\/wp\/v2\/types\/page"}],"author":[{"embeddable":true,"href":"https:\/\/esba-basket.com\/baltic-cup-2023\/wp-json\/wp\/v2\/users\/17"}],"replies":[{"embeddable":true,"href":"https:\/\/esba-basket.com\/baltic-cup-2023\/wp-json\/wp\/v2\/comments?post=57"}],"version-history":[{"count":23,"href":"https:\/\/esba-basket.com\/baltic-cup-2023\/wp-json\/wp\/v2\/pages\/57\/revisions"}],"predecessor-version":[{"id":200,"href":"https:\/\/esba-basket.com\/baltic-cup-2023\/wp-json\/wp\/v2\/pages\/57\/revisions\/200"}],"wp:attachment":[{"href":"https:\/\/esba-basket.com\/baltic-cup-2023\/wp-json\/wp\/v2\/media?parent=57"}],"curies":[{"name":"wp","href":"https:\/\/api.w.org\/{rel}","templated":true}]}}