{"id":14,"date":"2022-09-04T19:43:20","date_gmt":"2022-09-04T19:43:20","guid":{"rendered":"http:\/\/esba-basket.com\/baltic-cup-2022\/?page_id=14"},"modified":"2022-10-06T18:40:30","modified_gmt":"2022-10-06T18:40:30","slug":"teams","status":"publish","type":"page","link":"https:\/\/esba-basket.com\/baltic-cup-2022\/teams\/","title":{"rendered":"Teams"},"content":{"rendered":"<h2>FEMALE<\/h2>\n<p><strong>Women 35\/40:<\/strong><\/p>\n<ul>\n<li><span style=\"color: #ff0000;\">Estonia (W35 not participating)<\/span><\/li>\n<li><span style=\"color: #ff0000;\">Latvia\u00a0(W35 not participating)<\/span><\/li>\n<li>Lithuania (LTW35)- Kretingos &#8220;Augma&#8221;<\/li>\n<\/ul>\n<ul>\n<li><span style=\"color: #ff0000;\">Estonia (W40 not participating)<\/span><\/li>\n<li>Latvia (LV-W40) &#8211; Avantis<\/li>\n<li>Lithuania\u00a0 (LT-W40) &#8211; Kupi\u0161kis<\/li>\n<\/ul>\n<p><strong>Women 45\/50<\/strong>:<\/p>\n<ul>\n<li><span style=\"color: #ff0000;\">Estonia\u00a0(W45 not participating)<\/span><\/li>\n<li>Latvia\u00a0 (LV-W45) &#8211; Rigas Satiksme<\/li>\n<li>Lithuania (LT1-W45) &#8211; Kaunas &#8220;Versan&#8221;<\/li>\n<li>Lithuania (LT2-W45) &#8211;\u00a0Radvili\u0161kis &#8220;\u0160eduvos mal\u016bnas&#8221;<\/li>\n<\/ul>\n<ul>\n<li><span style=\"color: #ff0000;\">Estonia\u00a0(W50 not participating)<\/span><\/li>\n<li><span style=\"color: #ff0000;\">Latvia\u00a0(W50 not participating)<\/span><\/li>\n<li>Lithuania (LT-W50) &#8211; Alytus &#8220;RKL&#8221;<\/li>\n<\/ul>\n<p><strong>Women 55<\/strong>:<\/p>\n<ul>\n<li>Estonia (EE-W55) &#8211; Team Estonia<\/li>\n<li>Latvia (LV-W55) &#8211; Latvia Purenes<\/li>\n<li><span style=\"color: #ff0000;\">Lithuania (not participating)<\/span><\/li>\n<\/ul>\n<p><strong>Women 60<\/strong>:<\/p>\n<ul>\n<li>Estonia (EE-W60) &#8211; Estonia 60+<\/li>\n<li>Latvia (LV-W60) &#8211; Zeltenes Latvia<\/li>\n<li><span style=\"color: #ff0000;\">Lithuania (not participating)<\/span><\/li>\n<\/ul>\n<p>&nbsp;<\/p>\n<h2>MALE<\/h2>\n<p>&nbsp;<\/p>\n<p><strong>Men 40<\/strong>:<\/p>\n<ul>\n<li>Estonia (EE-M40) &#8211;\u00a0Sportland<\/li>\n<li>Latvia (LV-M40) &#8211; Krown\/Restorfix\/SC group<\/li>\n<li>Lithuania (LT1-M40) &#8211; Klaip\u0117da &#8220;Amber&#8221;<\/li>\n<li><span style=\"color: #ff0000;\"><del>Lithuania (LT2-M40) &#8211;\u00a0Vilnius &#8220;Atgaja&#8221;<\/del><\/span><\/li>\n<\/ul>\n<p><strong>Men 45:<\/strong><\/p>\n<ul>\n<li>Estonia (EE-M45) &#8211; Setu Sauna Selts<\/li>\n<li>Latvia (LV-M45) &#8211; Riga \/ Marupe<\/li>\n<li>Lithuania (LT1-M45) &#8211; &#8220;Pakruojo parketas-Dolomitas&#8221;<\/li>\n<li>Lithuania (LT2-M45) &#8211;\u00a0Var\u0117nos &#8220;Var\u0117na&#8221;<\/li>\n<\/ul>\n<p><strong>Men 50:<\/strong><\/p>\n<ul>\n<li><span style=\"color: #ff0000;\">Estonia (not participating)<\/span><\/li>\n<li>Latvia (LV-M50) &#8211; Kekava<\/li>\n<li>Lithuania (LT1-M50) &#8211; Kaunas &#8220;Patvanka&#8221;<\/li>\n<li>Lithuania (LT2-M50) &#8211;\u00a0Radvili\u0161kis &#8220;\u0160eduvos mal\u016bnas&#8221;<\/li>\n<li>Lithuania (LT3-M50) &#8211; \u0160ilal\u0117 &#8220;Prolain&#8221;<\/li>\n<\/ul>\n<p><strong>Men 55:<\/strong><\/p>\n<ul>\n<li>Estonia (EE-M55) &#8211; Wombat<\/li>\n<li>Latvia (LV-M55) &#8211; Tukums<\/li>\n<li>Lithuania (LT1-M55) &#8211; \u017daibas-Alaus m\u0117g\u0117jai<\/li>\n<li>Lithuania (LT2-M55) &#8211;\u00a0Marijampol\u0117 &#8220;Marijampol\u0117&#8221;<\/li>\n<\/ul>\n<p><strong>Men 60:<\/strong><\/p>\n<ul>\n<li>Estonia (EE-M60) &#8211; TOP Trust<\/li>\n<li>Latvia (LV-M60) &#8211; Kekava<\/li>\n<li>Lithuania (LT1-M60) &#8211; Vilniaus Silicio biotechnologijos<\/li>\n<li>Lithuania (LT2-M60) &#8211;\u00a0Vilnius &#8220;Perlas&#8221;<\/li>\n<\/ul>\n<p><strong>Men 65:<\/strong><\/p>\n<ul>\n<li>Estonia (EE-M65) &#8211; Kalev<\/li>\n<li><span style=\"color: #ff0000;\">Latvia\u00a0(not praticipating)<\/span><\/li>\n<li>Lithuania (LT1-M65) &#8211; Vilnius &#8220;Statyba&#8221;<\/li>\n<li>Lithuania (LT2-M65) &#8211;\u00a0&#8220;Europos centras&#8221; (LTU &amp; CZE)<\/li>\n<li>Lithuania (LT3-M65) &#8211; Taurag\u0117 &#8220;Taurag\u0117&#8221;<\/li>\n<\/ul>\n<p><strong>Men 70:<\/strong><\/p>\n<ul>\n<li><span style=\"color: #ff0000;\">Estonia (not participating)<\/span><\/li>\n<li><span style=\"color: #ff0000;\">Latvia (not praticipating)<\/span><\/li>\n<li>Lithuania (LT1-M70) &#8211; Kaunas &#8220;KTU-Juta&#8221;<\/li>\n<li>Lithuania (LT2-M70) &#8211;\u00a0Vilnius &#8220;Statyba&#8221;<\/li>\n<li>Lithuania (LT3-M70) &#8211; Klaip\u0117da RANGA<\/li>\n<\/ul>\n<p><strong>Men 75:<\/strong><\/p>\n<ul>\n<li><span style=\"color: #ff0000;\">Estonia (not participating)<\/span><\/li>\n<li>Latvia (LV-M75) &#8211;\u00a0Tukums<\/li>\n<li>Lithuania (LT-M75) &#8211; Kaunas &#8220;KTU-\u017dalgiris&#8221;<\/li>\n<\/ul>\n","protected":false},"excerpt":{"rendered":"<p>FEMALE Women 35\/40: Estonia (W35 not participating) Latvia\u00a0(W35 not participating) Lithuania (LTW35)- Kretingos &#8220;Augma&#8221; Estonia (W40 not participating) Latvia (LV-W40) &#8211; Avantis Lithuania\u00a0 (LT-W40) &#8211; Kupi\u0161kis Women 45\/50: Estonia\u00a0(W45 not [&hellip;]<\/p>\n","protected":false},"author":17,"featured_media":0,"parent":0,"menu_order":0,"comment_status":"open","ping_status":"open","template":"","meta":{"footnotes":""},"class_list":["post-14","page","type-page","status-publish","hentry"],"_links":{"self":[{"href":"https:\/\/esba-basket.com\/baltic-cup-2022\/wp-json\/wp\/v2\/pages\/14","targetHints":{"allow":["GET"]}}],"collection":[{"href":"https:\/\/esba-basket.com\/baltic-cup-2022\/wp-json\/wp\/v2\/pages"}],"about":[{"href":"https:\/\/esba-basket.com\/baltic-cup-2022\/wp-json\/wp\/v2\/types\/page"}],"author":[{"embeddable":true,"href":"https:\/\/esba-basket.com\/baltic-cup-2022\/wp-json\/wp\/v2\/users\/17"}],"replies":[{"embeddable":true,"href":"https:\/\/esba-basket.com\/baltic-cup-2022\/wp-json\/wp\/v2\/comments?post=14"}],"version-history":[{"count":22,"href":"https:\/\/esba-basket.com\/baltic-cup-2022\/wp-json\/wp\/v2\/pages\/14\/revisions"}],"predecessor-version":[{"id":349,"href":"https:\/\/esba-basket.com\/baltic-cup-2022\/wp-json\/wp\/v2\/pages\/14\/revisions\/349"}],"wp:attachment":[{"href":"https:\/\/esba-basket.com\/baltic-cup-2022\/wp-json\/wp\/v2\/media?parent=14"}],"curies":[{"name":"wp","href":"https:\/\/api.w.org\/{rel}","templated":true}]}}