{"id":12,"date":"2022-09-04T19:40:54","date_gmt":"2022-09-04T19:40:54","guid":{"rendered":"http:\/\/esba-basket.com\/baltic-cup-2022\/?page_id=12"},"modified":"2022-10-08T15:40:20","modified_gmt":"2022-10-08T15:40:20","slug":"progam","status":"publish","type":"page","link":"https:\/\/esba-basket.com\/baltic-cup-2022\/progam\/","title":{"rendered":"Program"},"content":{"rendered":"<p><strong>October 7<\/strong>, Friday:<\/p>\n<ul>\n<li>18:00 \u2013 22:00 \u2013 games in\u00a0Palanga\u00a0\u0160ventoji Primary school\u00a0 (<a href=\"https:\/\/rekvizitai.vz.lt\/zemelapis\/palangos_sventosios_bendrojo_lavinimo_pagrindine_mokykla\/\" target=\"_blank\">Mokyklos\u00a0str. 10<\/a><a title=\"Palang Sports centre\" href=\"https:\/\/www.google.com\/maps\/place\/Palangos+sporto+centras\/@55.9095325,21.0691529,15z\/data=!4m12!1m6!3m5!1s0x0:0xe6171afd8089772f!2sPalangos+sporto+centras!8m2!3d55.9095325!4d21.0691399!3m4!1s0x0:0xe6171afd8089772f!8m2!3d55.9095325!4d21.0691399\" target=\"_blank\">)<\/a> and in\u00a0Palanga Vladas Jurgutis\u00a0progymnasium \u00a0(<a title=\"Palanga Vlado Jurgu\u010dio high scholl\" href=\"https:\/\/www.google.com\/maps\/place\/Palangos+Vlado+Jurgu%C4%8Diavi%C4%8Diaus+School\/@55.9173462,21.073202,15z\/data=!4m12!1m6!3m5!1s0x0:0x132cb378a4a22471!2sPalangos+Vlado+Jurgu%C4%8Diavi%C4%8Diaus+School!8m2!3d55.9172692!4d21.0735058!3m4!1s0x0:0x132cb378a4a22471!8m2!3d55.9172692!4d21.0735058\" target=\"_blank\">Ganykl\u0173 str. 2<\/a>)<\/li>\n<\/ul>\n<p><strong>October 8<\/strong>, Saturday:<\/p>\n<ul>\n<ul>\n<li>10:00 \u2013 18:00 \u2013 games\u00a0 in\u00a0Palanga Sports Center &#8211; GYM 1 and GYM 2\u00a0 (<a title=\"Palang Sports centre\" href=\"https:\/\/www.google.com\/maps\/place\/Palangos+sporto+centras\/@55.9095325,21.0691529,15z\/data=!4m12!1m6!3m5!1s0x0:0xe6171afd8089772f!2sPalangos+sporto+centras!8m2!3d55.9095325!4d21.0691399!3m4!1s0x0:0xe6171afd8089772f!8m2!3d55.9095325!4d21.0691399\" target=\"_blank\">Sporto str. 3<\/a>), in\u00a0Palanga Vladas Jurgutis\u00a0progymnasium &#8211; GYM 3\u00a0 (<a title=\"Palanga Vlado Jurgu\u010dio high scholl\" href=\"https:\/\/www.google.com\/maps\/place\/Palangos+Vlado+Jurgu%C4%8Diavi%C4%8Diaus+School\/@55.9173462,21.073202,15z\/data=!4m12!1m6!3m5!1s0x0:0x132cb378a4a22471!2sPalangos+Vlado+Jurgu%C4%8Diavi%C4%8Diaus+School!8m2!3d55.9172692!4d21.0735058!3m4!1s0x0:0x132cb378a4a22471!8m2!3d55.9172692!4d21.0735058\" target=\"_blank\">Ganykl\u0173 str. 2<\/a>) and in Palanga\u00a0\u0160ventoji Primary school\u00a0 &#8211; GYM 4 (<a href=\"https:\/\/rekvizitai.vz.lt\/zemelapis\/palangos_sventosios_bendrojo_lavinimo_pagrindine_mokykla\/\" target=\"_blank\">Mokyklos\u00a0str. 10<\/a><a title=\"Palang Sports centre\" href=\"https:\/\/www.google.com\/maps\/place\/Palangos+sporto+centras\/@55.9095325,21.0691529,15z\/data=!4m12!1m6!3m5!1s0x0:0xe6171afd8089772f!2sPalangos+sporto+centras!8m2!3d55.9095325!4d21.0691399!3m4!1s0x0:0xe6171afd8089772f!8m2!3d55.9095325!4d21.0691399\" target=\"_blank\">)<\/a><\/li>\n<li>20:00 \u2013\u00a0<strong>Social party with award ceremony in the &#8220;Virk\u0161tinink\u0173 dvaro u\u017eeiga&#8221;\u00a0<\/strong>(<a title=\"Social party\" href=\"https:\/\/virkstininkudvaras.lt\/en\/\" target=\"_blank\">Liep\u0173 str. 6, Vydmantai<\/a>) exactly 4,3 km from the city Palanga centre.<\/li>\n<\/ul>\n<\/ul>\n<p><span style=\"color: #ff0000;\"><strong>NOTICE:\u00a0the awarding ceremony\u00a0will take part at &#8220;Virk\u0161tinink\u0173 dvaro u\u017eeiga&#8221;\u00a0<\/strong><\/span><\/p>\n<p style=\"text-align: center;\"><strong>Games\u2019 schedule\u00a0<\/strong>(<a title=\"Schedule\" href=\"http:\/\/esba-basket.com\/baltic-cup-2022\/wp-content\/uploads\/sites\/27\/2022\/09\/BALTIC-CUP-2022-Schedule-V1.1.pdf\" target=\"_blank\">pdf<\/a>)<\/p>\n<h2><strong>Friday, October 7<\/strong><\/h2>\n<p style=\"text-align: center;\"><em>Palanga Vladas Jurgutis Progymnasium, Ganykl\u0173 str. 2, Palanga \u2013 <\/em><strong>GYM 3<\/strong><\/p>\n<p><span style=\"text-decoration: underline;\">Game 2<\/span> (M60)<\/p>\n<p>18:00 <span style=\"text-decoration: underline;\">Top Trust<\/span> \u2013 Kekava (GYM 3) &#8211;\u00a0<strong>52:42<\/strong><\/p>\n<p><span style=\"text-decoration: underline;\">Game 4<\/span> (M55)<\/p>\n<p>19:00 Wombat \u2013 <span style=\"text-decoration: underline;\">Tukums<\/span> (GYM 3) &#8211; <strong>40:42<\/strong><\/p>\n<p><span style=\"text-decoration: underline;\">Game 6<\/span> (M70)<\/p>\n<p>20:00 KTU-Juta \u2013 <span style=\"text-decoration: underline;\">Ranga<\/span>\u00a0(GYM 3)\u00a0 &#8211; <strong>30:37<\/strong><\/p>\n<p>&nbsp;<\/p>\n<p style=\"text-align: center;\"><em>Palanga \u0160ventoji Primary School, Mokyklos str. 10, \u0160ventoji \u2013 <\/em><strong>GYM 4<\/strong><\/p>\n<p>\u00a0 \u00a0 <span style=\"text-decoration: underline;\">Game 1<\/span> (M65)<\/p>\n<p>17:00 <span style=\"text-decoration: underline;\">Statyba<\/span> \u2013 Europos centras (GYM 4) &#8211; <strong>40:34<\/strong><\/p>\n<p><span style=\"text-decoration: underline;\">Game 3<\/span> (M65)<\/p>\n<p>18:00 Kalev \u2013 <span style=\"text-decoration: underline;\">Taurag\u0117<\/span> (GYM 4) &#8211;<strong> 21:34<\/strong><\/p>\n<p><span style=\"text-decoration: underline;\">Game 5<\/span> (M45)<\/p>\n<p>19:00 <span style=\"text-decoration: underline;\">Setu Sauna Selts<\/span> \u2013 Riga \/ Marupe (GYM 4) &#8211; <strong>61:43<\/strong><\/p>\n<p><span style=\"text-decoration: underline;\">Game 7<\/span> (M40)<\/p>\n<p>20:00\u00a0 Sportland\u00a0\u2013 <span style=\"text-decoration: underline;\">Krown \/Restorfix \/SC Group<\/span> (GYM 4)\u00a0 &#8211; <strong>37:41<\/strong><\/p>\n<p>&nbsp;<\/p>\n<h2><strong>Saturday, October 8<\/strong><\/h2>\n<p style=\"text-align: center;\"><em>Palanga\u2018s Sports Centre, Sporto str. 3, Palanga \u2013 <\/em><strong>GYM 1 <\/strong><strong>&amp; GYM 2<\/strong><\/p>\n<p><span style=\"text-decoration: underline;\">Game 14<\/span> (W55) &#8211; <strong>FINAL<\/strong><\/p>\n<p>10:00 Team Estonia \u2013 <span style=\"text-decoration: underline;\"><strong>Latvia Purenes<\/strong><\/span> (GYM 1) &#8211; <strong>25:43<\/strong><\/p>\n<p><span style=\"text-decoration: underline;\">Game 15<\/span> (W60) &#8211; <strong>FINAL<\/strong><\/p>\n<p>10:00 <span style=\"text-decoration: underline;\"><strong>Estonia 60+<\/strong> <\/span>\u2013 Zeltenes Latvia (GYM 2) &#8211; <strong>33:17<\/strong><\/p>\n<p><span style=\"text-decoration: underline;\">Game 18<\/span> (M50)<\/p>\n<p>11:00 <span style=\"text-decoration: underline;\">Patvanka<\/span> \u2013 Prolain (GYM 1) &#8211; <strong>57:31<\/strong><\/p>\n<p><span style=\"text-decoration: underline;\">Game 19<\/span> (M45)<\/p>\n<p>11:00 <span style=\"text-decoration: underline;\">Pakruojo parketas-Dolomitas<\/span> \u2013 Var\u0117na (GYM 2) &#8211; <strong>73:27<\/strong><\/p>\n<p><span style=\"text-decoration: underline;\">Game 22<\/span> (M60)<\/p>\n<p>12:00 <span style=\"text-decoration: underline;\">Vilniaus Silicio biotechnologijos<\/span> \u2013 Perlas (GYM 1) &#8211; <strong>37:36<\/strong><\/p>\n<p><span style=\"text-decoration: underline;\">Game 23<\/span> (M50)<\/p>\n<p>12:00 Kekava \u2013 <span style=\"text-decoration: underline;\">\u0160eduvos mal\u016bnas<\/span> (GYM 2) &#8211; <strong>49:52<\/strong><\/p>\n<p><span style=\"text-decoration: underline;\">Game 26<\/span> (M40)<\/p>\n<p>13:00\u00a0Sportland \u2013\u00a0<span style=\"text-decoration: underline;\">Amber<\/span> (GYM 1) &#8211; <strong>35:58<\/strong><\/p>\n<p><span style=\"text-decoration: underline;\">Game 27<\/span> (M65) \u2013 3-4 place<\/p>\n<p>13:00\u00a0Europos centras \u2013\u00a0<strong><span style=\"text-decoration: underline;\">Kalev<\/span><\/strong> (GYM 2) &#8211; <strong>35:37<\/strong><\/p>\n<p><span style=\"text-decoration: underline;\">Game 30<\/span> (M40)<\/p>\n<p>14:00\u00a0Krown\/restorfix\/SC Group \u2013 <span style=\"text-decoration: underline;\"><strong>Amber<\/strong> <\/span>(GYM 1) &#8211; <strong>43:55<\/strong><\/p>\n<p><span style=\"text-decoration: underline;\">Game 31<\/span> (W45\/50) &#8211; <strong>FINAL<\/strong><\/p>\n<p>14:00\u00a0\u0160eduvos mal\u016bnas \u2013 <strong><span style=\"text-decoration: underline;\">Rigas Satiksme<\/span><\/strong> (GYM 2) &#8211; <strong>31:46<\/strong><\/p>\n<p><span style=\"text-decoration: underline;\">Game 34<\/span> (M45) &#8211; <strong>FINAL<\/strong><\/p>\n<p>15:00\u00a0Setu Sauna Selts \u2013\u00a0<span style=\"text-decoration: underline;\"><strong>Pakruojo parketas-Dolomitas<\/strong><\/span> (GYM 1) &#8211; <strong>44:63<\/strong><\/p>\n<p><span style=\"text-decoration: underline;\">Game 35<\/span> (M65) &#8211; <strong>FINAL<\/strong><\/p>\n<p>15:00\u00a0<span style=\"text-decoration: underline;\"><strong>Statyba<\/strong><\/span> \u2013\u00a0Taurag\u0117s Taurag\u0117 (GYM 2) &#8211; <strong>28:26<\/strong><\/p>\n<p><span style=\"text-decoration: underline;\">Game 38<\/span> (M50) &#8211; <strong>FINAL<\/strong><\/p>\n<p>16:00\u00a0\u0160eduvos mal\u016bnas \u2013\u00a0<span style=\"text-decoration: underline;\"><strong>Patvanka<\/strong><\/span> (GYM 1) &#8211;\u00a0<strong>37:69<\/strong><\/p>\n<p><span style=\"text-decoration: underline;\">Game 39<\/span> (M50) \u2013 3-4 place<\/p>\n<p>16:00\u00a0Kekava \u2013 <span style=\"text-decoration: underline;\">Prolain<\/span> (GYM 2) &#8211; <strong>35:51<\/strong><\/p>\n<p><span style=\"text-decoration: underline;\">Game 42<\/span> (M60) &#8211; <strong>FINAL<\/strong><\/p>\n<p>17:00\u00a0Top trust \u2013\u00a0<span style=\"text-decoration: underline;\"><strong>Vilniaus Silicio biotechnologijos<\/strong><\/span> (GYM 1) <strong>33:46<\/strong><\/p>\n<p><span style=\"text-decoration: underline;\">Game 43<\/span> (M60) \u2013 3-4 place<\/p>\n<p>17:00\u00a0Kekava \u2013\u00a0<span style=\"text-decoration: underline;\">Perlas<\/span> (GYM 2) &#8211; <strong>26:49<\/strong><\/p>\n<p>&nbsp;<\/p>\n<p style=\"text-align: center;\"><em>Palanga Vladas Jurgutis Progymnasium, Ganykl\u0173 str. 2, Palanga \u2013 <\/em><strong>GYM 3<\/strong><\/p>\n<p><span style=\"text-decoration: underline;\">Game 16<\/span> (W35\/40)<\/p>\n<p>10:00 Avantis \u2013 <span style=\"text-decoration: underline;\">Augma<\/span> (GYM 3) &#8211; <strong>37:50<\/strong><\/p>\n<p><span style=\"text-decoration: underline;\">Game 20<\/span> (W45\/50)<\/p>\n<p>11:00 Versan \u2013 <span style=\"text-decoration: underline;\">\u0160eduvos mal\u016bnas<\/span> (GYM 3) &#8211; <strong>27:35<\/strong><\/p>\n<p><span style=\"text-decoration: underline;\">Game 24<\/span> (W45\/50)<\/p>\n<p>12:00 <span style=\"text-decoration: underline;\">RKL<\/span> \u2013 Rigas Satiksme (GYM 3) &#8211; <strong>33:18<\/strong><\/p>\n<p><span style=\"text-decoration: underline;\">Game 28<\/span> (W35\/40) &#8211; <strong>FINAL<\/strong><\/p>\n<p>13:00 <strong><span style=\"text-decoration: underline;\">Avantis<\/span><\/strong> \u2013 Kupi\u0161kis (GYM 3) &#8211; <strong>43:32<\/strong><\/p>\n<p><span style=\"text-decoration: underline;\">Game 32<\/span> (W45\/50)<\/p>\n<p>14:00\u00a0Versan \u2013 <span style=\"text-decoration: underline;\">RKL<\/span> (GYM 3) &#8211; <strong>29:62<\/strong><\/p>\n<p><span style=\"text-decoration: underline;\">Game 40<\/span> (W35\/40)<\/p>\n<p>16:00 <span style=\"text-decoration: underline;\"><strong>Augma<\/strong><\/span> \u2013 Kupi\u0161kis (GYM 3) &#8211; <strong>66:26<\/strong><\/p>\n<p><span style=\"text-decoration: underline;\">Game 44<\/span> (M75) &#8211; <strong>FINAL<\/strong><\/p>\n<p>17:00 Tukums \u2013 <span style=\"text-decoration: underline;\"><strong>KTU-\u017dalgiris<\/strong><\/span> (GYM 3) &#8211; <strong>27:28<\/strong><\/p>\n<p>&nbsp;<\/p>\n<p style=\"text-align: center;\"><em>Palanga \u0160ventoji Primary School, Mokyklos str. 10, \u0160ventoji \u2013 <\/em><strong>GYM 4<\/strong><\/p>\n<p><span style=\"text-decoration: underline;\">Game 21<\/span> (M55)<\/p>\n<p>11:00 <span style=\"text-decoration: underline;\">\u017daibas-Alaus m\u0117g\u0117jai<\/span> \u2013 Marijampol\u0117 (GYM 4) &#8211; <strong>51:35<\/strong><\/p>\n<p><span style=\"text-decoration: underline;\">Game 25<\/span> (M70)<\/p>\n<p>12:00 Statyba \u2013 <span style=\"text-decoration: underline;\">KTU-Juta<\/span> (GYM 4)- <strong>18:32<\/strong><\/p>\n<p><span style=\"text-decoration: underline;\">Game 29<\/span> (M75)<\/p>\n<p>13:00 <span style=\"text-decoration: underline;\">KTU-\u017dalgiris<\/span> \u2013 Tukums (GYM 4) &#8211; <strong>24:20<\/strong><\/p>\n<p><span style=\"text-decoration: underline;\">Game 33<\/span> (M55) \u2013 3-4 place<\/p>\n<p>14:00\u00a0<span style=\"text-decoration: underline;\">Wombat<\/span> \u2013\u00a0Marijampol\u0117 (GYM 4) &#8211;\u00a0<strong>35:32<\/strong><\/p>\n<p><span style=\"text-decoration: underline;\">Game 37<\/span> (M45) \u2013 3-4 place<\/p>\n<p>15:00\u00a0<span style=\"text-decoration: underline;\">Riga \/ Marupe<\/span>\u00a0 \u2013\u00a0Var\u0117na (GYM 4) &#8211; <strong>54:42<\/strong><\/p>\n<p><span style=\"text-decoration: underline;\">Game 41<\/span> (M55) &#8211; <strong>FINAL<\/strong><\/p>\n<p>16:00\u00a0Tukums \u2013\u00a0<span style=\"text-decoration: underline;\"><strong>\u017daibas-Alaus m\u0117g\u0117jai<\/strong><\/span> (GYM 4) &#8211; <strong>41:59<\/strong><\/p>\n<p><span style=\"text-decoration: underline;\">Game 45<\/span> (M70)<\/p>\n<p>17:00 Statyba \u2013\u00a0<span style=\"text-decoration: underline;\">Ranga<\/span> (GYM 4) &#8211; <strong>25:43<\/strong><\/p>\n","protected":false},"excerpt":{"rendered":"<p>October 7, Friday: 18:00 \u2013 22:00 \u2013 games in\u00a0Palanga\u00a0\u0160ventoji Primary school\u00a0 (Mokyklos\u00a0str. 10) and in\u00a0Palanga Vladas Jurgutis\u00a0progymnasium \u00a0(Ganykl\u0173 str. 2) October 8, Saturday: 10:00 \u2013 18:00 \u2013 games\u00a0 in\u00a0Palanga Sports [&hellip;]<\/p>\n","protected":false},"author":17,"featured_media":0,"parent":0,"menu_order":0,"comment_status":"open","ping_status":"open","template":"","meta":{"footnotes":""},"class_list":["post-12","page","type-page","status-publish","hentry"],"_links":{"self":[{"href":"https:\/\/esba-basket.com\/baltic-cup-2022\/wp-json\/wp\/v2\/pages\/12","targetHints":{"allow":["GET"]}}],"collection":[{"href":"https:\/\/esba-basket.com\/baltic-cup-2022\/wp-json\/wp\/v2\/pages"}],"about":[{"href":"https:\/\/esba-basket.com\/baltic-cup-2022\/wp-json\/wp\/v2\/types\/page"}],"author":[{"embeddable":true,"href":"https:\/\/esba-basket.com\/baltic-cup-2022\/wp-json\/wp\/v2\/users\/17"}],"replies":[{"embeddable":true,"href":"https:\/\/esba-basket.com\/baltic-cup-2022\/wp-json\/wp\/v2\/comments?post=12"}],"version-history":[{"count":78,"href":"https:\/\/esba-basket.com\/baltic-cup-2022\/wp-json\/wp\/v2\/pages\/12\/revisions"}],"predecessor-version":[{"id":424,"href":"https:\/\/esba-basket.com\/baltic-cup-2022\/wp-json\/wp\/v2\/pages\/12\/revisions\/424"}],"wp:attachment":[{"href":"https:\/\/esba-basket.com\/baltic-cup-2022\/wp-json\/wp\/v2\/media?parent=12"}],"curies":[{"name":"wp","href":"https:\/\/api.w.org\/{rel}","templated":true}]}}