{"id":103,"date":"2017-12-14T19:30:19","date_gmt":"2017-12-14T19:30:19","guid":{"rendered":"http:\/\/esba-basket.com\/altea-2019\/?page_id=103"},"modified":"2021-03-03T10:19:28","modified_gmt":"2021-03-03T10:19:28","slug":"managment","status":"publish","type":"page","link":"https:\/\/esba-basket.com\/altea-2019\/managment\/","title":{"rendered":"Managment"},"content":{"rendered":"<h1><span style=\"color: #0095da;\"><strong>Team\u00a0of Altea 2019<\/strong><\/span><\/h1>\n<div class='content-column one_half'><h2><span style=\"color: #024ea2;\"><strong>Local Organizing Committee of Altea 2019<\/strong><\/span><\/h2>\n<p><div class='content-column one_third'><div style=\"padding-right:20px;\"><img loading=\"lazy\" decoding=\"async\" class=\"alignnone wp-image-441 size-full\" src=\"http:\/\/esba-basket.com\/altea-2019\/wp-content\/uploads\/sites\/17\/2017\/12\/Fermin_contacts.jpg\" alt=\"Fermin_contacts\" width=\"110\" height=\"110\" \/><\/div><\/div><div class='content-column two_third last_column'><strong>Fermin Iglesias Leon<br \/>\n<\/strong>languages: Spanish,\u00a0English<br \/>\n<strong><a href=\"http:\/\/esba-basket.com\/altea-2019\/wp-content\/uploads\/sites\/17\/2017\/12\/whatsApp.png\"><img loading=\"lazy\" decoding=\"async\" class=\"alignnone wp-image-413\" src=\"http:\/\/esba-basket.com\/altea-2019\/wp-content\/uploads\/sites\/17\/2017\/12\/whatsApp.png\" alt=\"whatsApp\" width=\"40\" height=\"41\" srcset=\"https:\/\/esba-basket.com\/altea-2019\/wp-content\/uploads\/sites\/17\/2017\/12\/whatsApp.png 223w, https:\/\/esba-basket.com\/altea-2019\/wp-content\/uploads\/sites\/17\/2017\/12\/whatsApp-150x150.png 150w, https:\/\/esba-basket.com\/altea-2019\/wp-content\/uploads\/sites\/17\/2017\/12\/whatsApp-186x186.png 186w\" sizes=\"auto, (max-width: 40px) 100vw, 40px\" \/><\/a><br \/>\n<\/strong>+34 677 45 58 67<a href=\"mailto:%20albertodiazcuevas@gmail.com\" target=\"_blank\"><br \/>\n<\/a><a href=\"mailto: fermin123@wanadoo.es\" target=\"_blank\">fermin123@wanadoo.es<br \/>\n<\/a><\/div><div class='clear_column'><\/div><\/p>\n<p><div class='content-column one_third'><div style=\"padding-right:20px;\"><img loading=\"lazy\" decoding=\"async\" class=\"alignnone wp-image-443 size-full\" src=\"http:\/\/esba-basket.com\/altea-2019\/wp-content\/uploads\/sites\/17\/2017\/12\/Alex_contacts.jpg\" alt=\"Alex_contacts\" width=\"110\" height=\"110\" \/><\/div><\/div><div class='content-column two_third last_column'><strong>Alejandro Gonzalez Sanchez<br \/>\n<\/strong>languages: Spanish, English, German<br \/>\n<a href=\"http:\/\/esba-basket.com\/altea-2019\/wp-content\/uploads\/sites\/17\/2017\/12\/whatsApp.png\"><img loading=\"lazy\" decoding=\"async\" class=\"alignnone wp-image-413\" src=\"http:\/\/esba-basket.com\/altea-2019\/wp-content\/uploads\/sites\/17\/2017\/12\/whatsApp.png\" alt=\"whatsApp\" width=\"40\" height=\"41\" srcset=\"https:\/\/esba-basket.com\/altea-2019\/wp-content\/uploads\/sites\/17\/2017\/12\/whatsApp.png 223w, https:\/\/esba-basket.com\/altea-2019\/wp-content\/uploads\/sites\/17\/2017\/12\/whatsApp-150x150.png 150w, https:\/\/esba-basket.com\/altea-2019\/wp-content\/uploads\/sites\/17\/2017\/12\/whatsApp-186x186.png 186w\" sizes=\"auto, (max-width: 40px) 100vw, 40px\" \/><br \/>\n<\/a>+34 670 26 29 92<br \/>\n<a href=\"mailto:info@silenecostablanca.com\" target=\"_blank\">info@silenecostablanca.com<\/a><\/p><\/div><div class='clear_column'><\/div><\/p>\n<h2><strong><span style=\"color: #024ea2;\">Media Team<\/span><\/strong><\/h2>\n<p><div class='content-column one_third'><div style=\"padding-right:20px;\"><img loading=\"lazy\" decoding=\"async\" class=\"alignnone wp-image-853\" src=\"http:\/\/esba-basket.com\/altea-2019\/wp-content\/uploads\/sites\/17\/2017\/12\/MS.jpg\" alt=\"MS\" width=\"110\" height=\"110\" srcset=\"https:\/\/esba-basket.com\/altea-2019\/wp-content\/uploads\/sites\/17\/2017\/12\/MS.jpg 185w, https:\/\/esba-basket.com\/altea-2019\/wp-content\/uploads\/sites\/17\/2017\/12\/MS-150x150.jpg 150w\" sizes=\"auto, (max-width: 110px) 100vw, 110px\" \/><\/div><\/div><div class='content-column two_third last_column'><strong>M\u0101rti\u0146\u0161\u00a0S\u012blis<br \/>\n<span style=\"color: #0095da;\">Photographer<\/span><\/strong><br \/><\/div><div class='clear_column'><\/div><\/p>\n<p><div class='content-column one_third'><div style=\"padding-right:20px;\"><a href=\"http:\/\/esba-basket.com\/pula-2018\/wp-content\/uploads\/sites\/15\/2017\/07\/marius.jpg\"><img loading=\"lazy\" decoding=\"async\" class=\"alignnone wp-image-769 \" src=\"http:\/\/esba-basket.com\/pula-2018\/wp-content\/uploads\/sites\/15\/2017\/07\/marius.jpg\" alt=\"marius\" width=\"110\" height=\"110\" \/><\/a><\/div><\/div><div class='content-column two_third last_column'><strong>Marius Baltranas<br \/>\n<span style=\"color: #0095da;\">ESBA newswriter<\/span><\/strong><\/p><\/div><div class='clear_column'><\/div><\/p><\/div><div class='content-column one_half last_column'><h2><span style=\"color: #024ea2;\"><strong><span style=\"color: #024ea2;\">ESBA<\/span> managment<\/strong><\/span><\/h2>\n<p><div class='content-column one_third'><div style=\"padding-right:20px;\"><img loading=\"lazy\" decoding=\"async\" class=\"alignnone wp-image-1555\" src=\"http:\/\/esba-basket.com\/altea-2019\/wp-content\/uploads\/sites\/17\/2017\/12\/Inese_Altea.png\" alt=\"Inese_Altea\" width=\"110\" height=\"110\" srcset=\"https:\/\/esba-basket.com\/altea-2019\/wp-content\/uploads\/sites\/17\/2017\/12\/Inese_Altea.png 400w, https:\/\/esba-basket.com\/altea-2019\/wp-content\/uploads\/sites\/17\/2017\/12\/Inese_Altea-150x150.png 150w, https:\/\/esba-basket.com\/altea-2019\/wp-content\/uploads\/sites\/17\/2017\/12\/Inese_Altea-300x300.png 300w, https:\/\/esba-basket.com\/altea-2019\/wp-content\/uploads\/sites\/17\/2017\/12\/Inese_Altea-186x186.png 186w\" sizes=\"auto, (max-width: 110px) 100vw, 110px\" \/><\/div><\/div><div class='content-column two_third last_column'><strong>Inese Mikelsone<br \/>\n<span style=\"color: #0095da;\">ESBA\u00a0director<\/span><br \/>\n<\/strong>languages: English, Latvian, Lithuanian and Russian<br \/>\n<a href=\"mailto: inese@esba-basket.com\" target=\"_blank\">inese@esba-basket.com<\/a>\u00a0<a href=\"mailto: michelsone@gmail.com\" target=\"_blank\"><br \/>\n<\/a><\/div><div class='clear_column'><\/div><\/p>\n<p><div class='content-column one_third'><div style=\"padding-right:20px;\"><img loading=\"lazy\" decoding=\"async\" class=\"alignnone wp-image-447 size-full\" src=\"http:\/\/esba-basket.com\/altea-2019\/wp-content\/uploads\/sites\/17\/2017\/12\/AV_contacts.jpg\" alt=\"AV_contacts\" width=\"110\" height=\"110\" \/><\/div><\/div><div class='content-column two_third last_column'><strong>Arvydas Venclovas<br \/>\n<span style=\"color: #0095da;\">ESBA\u00a0Commissioner<\/span><br \/>\n<\/strong>languages: English, Lithuanian and Russian<br \/>\n<img loading=\"lazy\" decoding=\"async\" class=\"alignnone wp-image-191\" src=\"http:\/\/esba-basket.com\/santander-2017\/wp-content\/uploads\/sites\/11\/2016\/07\/download.png\" alt=\"download\" width=\"40\" height=\"40\" \/><img loading=\"lazy\" decoding=\"async\" class=\"alignnone wp-image-193\" src=\"http:\/\/esba-basket.com\/santander-2017\/wp-content\/uploads\/sites\/11\/2016\/07\/whatsApp.png\" alt=\"whatsApp\" width=\"40\" height=\"41\" \/><br \/>\n+370\u00a065770615<br \/>\n<a href=\"mailto: arvis196@gmail.com\" target=\"_blank\">arvis196@gmail.com<br \/>\n<\/a><\/div><div class='clear_column'><\/div><\/p><\/div><div class='clear_column'><\/div><\/p>\n<p>&nbsp;<\/p>\n","protected":false},"excerpt":{"rendered":"<p>Team\u00a0of Altea 2019 &nbsp;<\/p>\n","protected":false},"author":4,"featured_media":0,"parent":0,"menu_order":0,"comment_status":"open","ping_status":"open","template":"page-fullwidth.php","meta":{"footnotes":""},"class_list":["post-103","page","type-page","status-publish","hentry"],"_links":{"self":[{"href":"https:\/\/esba-basket.com\/altea-2019\/wp-json\/wp\/v2\/pages\/103","targetHints":{"allow":["GET"]}}],"collection":[{"href":"https:\/\/esba-basket.com\/altea-2019\/wp-json\/wp\/v2\/pages"}],"about":[{"href":"https:\/\/esba-basket.com\/altea-2019\/wp-json\/wp\/v2\/types\/page"}],"author":[{"embeddable":true,"href":"https:\/\/esba-basket.com\/altea-2019\/wp-json\/wp\/v2\/users\/4"}],"replies":[{"embeddable":true,"href":"https:\/\/esba-basket.com\/altea-2019\/wp-json\/wp\/v2\/comments?post=103"}],"version-history":[{"count":19,"href":"https:\/\/esba-basket.com\/altea-2019\/wp-json\/wp\/v2\/pages\/103\/revisions"}],"predecessor-version":[{"id":1557,"href":"https:\/\/esba-basket.com\/altea-2019\/wp-json\/wp\/v2\/pages\/103\/revisions\/1557"}],"wp:attachment":[{"href":"https:\/\/esba-basket.com\/altea-2019\/wp-json\/wp\/v2\/media?parent=103"}],"curies":[{"name":"wp","href":"https:\/\/api.w.org\/{rel}","templated":true}]}}