{"id":2736,"date":"2023-05-31T13:51:48","date_gmt":"2023-05-31T13:51:48","guid":{"rendered":"http:\/\/esba-basket.com\/albufeira-2023\/?page_id=2736"},"modified":"2023-06-10T20:09:38","modified_gmt":"2023-06-10T20:09:38","slug":"transportation","status":"publish","type":"page","link":"https:\/\/esba-basket.com\/albufeira-2023\/transportation\/","title":{"rendered":"Transportation"},"content":{"rendered":"<h3><strong>Public transport information for participating teams in ESBA Albufeira Open 2023<\/strong><\/h3>\n<p><span style=\"color: #ff0000;\"><strong>(Recommended routes)<\/strong><\/span><strong>\u00a0<\/strong><\/p>\n<p>Find how to get from your hotel to the event\u2019s venues, the opening ceremony, and the social party.<\/p>\n<p><strong>Team and Organization Hotels<br \/>\n<\/strong><\/p>\n<p><span style=\"text-decoration: underline;\"><strong>From Aqua Pedra dos Bicos<\/strong><\/span><\/p>\n<p>Urbaniza\u00e7\u00e3o, Aldeamento Quinta Pedra dos Bicos, Lote 24, 8200-381 Albufeira (<a href=\"http:\/\/esba-basket.com\/albufeira-2023\/wp-content\/uploads\/sites\/29\/2023\/05\/From-Aqua-Pedra-dos-Bicos-ADENDA-v2.0.pdf\" target=\"_blank\"><span style=\"color: #ff0000;\"><strong>pdf<\/strong><\/span><\/a>\u00a0&#8211; hyperlink to pdf \u201cFrom Aqua Pedra dos Bicos\u201d)<\/p>\n<p><strong><span style=\"text-decoration: underline;\">From Belver Hotel da Aldeia<\/span><\/strong><\/p>\n<p>Av.\u00aa Dr. Francisco S\u00e1 Carneiro, CXP 511, 8200-280 Albufeira (<span style=\"color: #ff0000;\"><strong><a style=\"color: #ff0000;\" href=\"http:\/\/esba-basket.com\/albufeira-2023\/wp-content\/uploads\/sites\/29\/2023\/05\/From-Belver-Hotel-da-Aldeia.pdf\" target=\"_blank\">pdf<\/a><\/strong><\/span>\u00a0&#8211; hyperlink to pdf \u201cFrom Belver Hotel da Aldeia)<\/p>\n<p><span style=\"text-decoration: underline;\"><strong>From Grand Muthu Forte da Oura<\/strong><\/span><\/p>\n<p>Rua Oliveira Martins, 8200-619 Albufeira (<span style=\"color: #ff0000;\"><strong><a style=\"color: #ff0000;\" href=\"http:\/\/esba-basket.com\/albufeira-2023\/wp-content\/uploads\/sites\/29\/2023\/05\/From-Grand-Muthu-Forte-da-Oura.pdf\" target=\"_blank\">pdf<\/a><\/strong><\/span> &#8211; hyperlink to pdf \u201cFrom Grand Muthu Forte da Oura\u201d)<\/p>\n<p><span style=\"text-decoration: underline;\"><strong>From Hotel Janelas do Mar<\/strong><\/span><\/p>\n<p>Rua Correeira \u2013 Lote 215, 8200-112 Albufeira (<span style=\"color: #ff0000;\"><strong><a style=\"color: #ff0000;\" href=\"http:\/\/esba-basket.com\/albufeira-2023\/wp-content\/uploads\/sites\/29\/2023\/05\/From-Hotel-Janelas-do-Mar.pdf\" target=\"_blank\">pdf<\/a> <\/strong><\/span>&#8211; hyperlink to pdf \u201cFrom Hotel Janelas do Mar\u201d)<\/p>\n<p><span style=\"text-decoration: underline;\"><strong>From Monica Isabel Beach Club<\/strong><\/span><\/p>\n<p>Beco do Forte de S\u00e3o Jo\u00e3o, 8200-325 Albufeira (<span style=\"color: #ff0000;\"><strong><a style=\"color: #ff0000;\" href=\"http:\/\/esba-basket.com\/albufeira-2023\/wp-content\/uploads\/sites\/29\/2023\/05\/From-Monica-Isabel-Beach-Club.pdf\" target=\"_blank\">pdf<\/a><\/strong><\/span> &#8211; hyperlink to pdf \u201cFrom Monica Isabel Beach Club\u201d)<\/p>\n<p><span style=\"text-decoration: underline;\"><strong>From Muthu Clube Praia da Oura<\/strong><\/span><\/p>\n<p>Rua Oliveira Martins, 8200-269 Albufeira\u00a0 (<span style=\"color: #ff0000;\"><strong><a style=\"color: #ff0000;\" href=\"http:\/\/esba-basket.com\/albufeira-2023\/wp-content\/uploads\/sites\/29\/2023\/05\/From-Muthu-Clube-Praia-da-Oura.pdf\" target=\"_blank\">pdf<\/a><\/strong><\/span> &#8211; hyperlink to pdf \u201cFrom Muthu Clube Praia da Oura\u201d)<\/p>\n<p><span style=\"text-decoration: underline;\"><strong>From Muthu Oura Praia Hotel<\/strong><\/span><\/p>\n<p>Edif\u00edcio Oura Praia, Estrada de Santa Eul\u00e1lia, 8200-911 Albufeira (<a href=\"http:\/\/esba-basket.com\/albufeira-2023\/wp-content\/uploads\/sites\/29\/2023\/05\/From-Muthu-Oura-Praia-Hotel-ADENDA-v2.0.pdf\" target=\"_blank\"><strong><span style=\"color: #ff0000;\">pdf<\/span><\/strong><\/a> &#8211; hyperlink to pdf \u201cFrom Muthu Oura Praia Hotel\u201d)<\/p>\n<p><span style=\"text-decoration: underline;\"><strong>From Regency Salgados Hotel &amp; Spa<\/strong><\/span><\/p>\n<p>Estrada dos Salgados, 8200-428, Guia (<a href=\"http:\/\/esba-basket.com\/albufeira-2023\/wp-content\/uploads\/sites\/29\/2023\/05\/From-Regency-Salgados-Hotel-Spa.pdf\" target=\"_blank\"><span style=\"color: #ff0000;\"><strong>pdf<\/strong><\/span><\/a> &#8211; hyperlink to pdf \u201cFrom Regency Salgados Hotel &amp; Spa\u201d)<\/p>\n<p><span style=\"text-decoration: underline;\"><strong>From Rocamar<\/strong><\/span><\/p>\n<p>Rua do Est\u00e1dio 18, 8200-127 Albufeira (<a href=\"http:\/\/esba-basket.com\/albufeira-2023\/wp-content\/uploads\/sites\/29\/2023\/05\/From-Rocamar-ADENDA-v2.0.pdf\" target=\"_blank\"><span style=\"color: #ff0000;\"><strong>pdf<\/strong><\/span><\/a> &#8211; hyperlink to pdf \u201cFrom Rocamar\u201d)<\/p>\n<p><span style=\"text-decoration: underline;\"><strong>From Smy Santa Eulalia<\/strong><\/span><\/p>\n<p>Estrada de Santa Eul\u00e1lia Lote 5 3, Areias de S\u00e3o Jo\u00e3o, 8200-260 Albufeira (<a href=\"http:\/\/esba-basket.com\/albufeira-2023\/wp-content\/uploads\/sites\/29\/2023\/05\/From-Smy-Santa-Eulalia-ADENDA-v2.0.pdf\" target=\"_blank\"><strong><span style=\"color: #ff0000;\">pdf<\/span> <\/strong><\/a>&#8211; hyperlink to pdf \u201cFrom Smy Santa Eulalia\u201d)<\/p>\n<p><strong>From Top\u00e1zio Vibe Beach Hotel &amp; Apartments<\/strong><\/p>\n<p>Rua Vasco da Gama, 8200-294 Albufeira (<a href=\"http:\/\/esba-basket.com\/albufeira-2023\/wp-content\/uploads\/sites\/29\/2023\/05\/From-Top\u00e1zio-Vibe-Beach-Hotel-Apartments.pdf\" target=\"_blank\"><strong><span style=\"color: #ff0000;\">pdf<\/span><\/strong><\/a> &#8211; hyperlink to pdf \u201cFrom Top\u00e1zio Vibe Beach Hotel &amp; Apartments\u201d)<\/p>\n","protected":false},"excerpt":{"rendered":"<p>Public transport information for participating teams in ESBA Albufeira Open 2023 (Recommended routes)\u00a0 Find how to get from your hotel to the event\u2019s venues, the opening ceremony, and the social [&hellip;]<\/p>\n","protected":false},"author":17,"featured_media":0,"parent":0,"menu_order":0,"comment_status":"open","ping_status":"open","template":"page-fullwidth.php","meta":{"footnotes":""},"class_list":["post-2736","page","type-page","status-publish","hentry"],"_links":{"self":[{"href":"https:\/\/esba-basket.com\/albufeira-2023\/wp-json\/wp\/v2\/pages\/2736","targetHints":{"allow":["GET"]}}],"collection":[{"href":"https:\/\/esba-basket.com\/albufeira-2023\/wp-json\/wp\/v2\/pages"}],"about":[{"href":"https:\/\/esba-basket.com\/albufeira-2023\/wp-json\/wp\/v2\/types\/page"}],"author":[{"embeddable":true,"href":"https:\/\/esba-basket.com\/albufeira-2023\/wp-json\/wp\/v2\/users\/17"}],"replies":[{"embeddable":true,"href":"https:\/\/esba-basket.com\/albufeira-2023\/wp-json\/wp\/v2\/comments?post=2736"}],"version-history":[{"count":20,"href":"https:\/\/esba-basket.com\/albufeira-2023\/wp-json\/wp\/v2\/pages\/2736\/revisions"}],"predecessor-version":[{"id":2964,"href":"https:\/\/esba-basket.com\/albufeira-2023\/wp-json\/wp\/v2\/pages\/2736\/revisions\/2964"}],"wp:attachment":[{"href":"https:\/\/esba-basket.com\/albufeira-2023\/wp-json\/wp\/v2\/media?parent=2736"}],"curies":[{"name":"wp","href":"https:\/\/api.w.org\/{rel}","templated":true}]}}